{"id":3473,"date":"2025-02-23T02:24:01","date_gmt":"2025-02-23T02:24:01","guid":{"rendered":"https:\/\/hypedfootwear.com\/producto\/dunk-low-pro-sb-x-jeff-staple-nyc-pigeon\/"},"modified":"2026-03-27T07:59:03","modified_gmt":"2026-03-27T06:59:03","slug":"dunk-low-pro-sb-x-jeff-staple-nyc-pigeon","status":"publish","type":"product","link":"https:\/\/hypedfootwear.com\/pt-pt\/shop\/dunk-low-pro-sb-x-jeff-staple-nyc-pigeon\/","title":{"rendered":"Dunk Low Pro SB x Jeff Staple &#8216;NYC Pigeon&#8217;"},"content":{"rendered":"<p>Descubre la ic\u00f3nica Dunk Low Pro SB x Jeff Staple &#8216;NYC Pigeon&#8217;, un imprescindible para cualquier coleccionista de sneakers. Inspirada en las vibrantes calles de Nueva York, esta exclusiva edici\u00f3n combina historia, estilo y cultura urbana. \u00bfPor qu\u00e9 esperar? Con su dise\u00f1o \u00fanico y detalles premium, estas zapatillas no solo elevan tu colecci\u00f3n, sino que tambi\u00e9n marcan tendencia. Perfectas para destacar en cualquier ocasi\u00f3n, son m\u00e1s que un par de zapatos&#8230; son una declaraci\u00f3n. \u00a1No dejes pasar la oportunidad de tener este grail! A\u00f1ade el &#8216;NYC Pigeon&#8217; a tu carrito ahora y lleva tu pasi\u00f3n por las sneakers al siguiente nivel.<\/p>\n","protected":false},"excerpt":{"rendered":"<p>Descubre la ic\u00f3nica Dunk Low Pro SB x Jeff Staple &#8216;NYC Pigeon&#8217;, un imprescindible para cualquier coleccionista de&hellip;<\/p>\n","protected":false},"featured_media":3469,"template":"","meta":[],"product_cat":[1407,1407,1407,1407,1431,1431,1431,1431,1431,1431,1431,1510,1510,1510,1510,1510,1510,1510,1407,1407,1407],"product_tag":[8967],"class_list":{"0":"post-3473","1":"product","2":"type-product","3":"status-publish","4":"has-post-thumbnail","6":"product_cat-schuhe","10":"product_cat-nike","17":"product_cat-dunk-sb","27":"product_tag-dunk-low-pro-sb-x-jeff-staple-nyc-pigeon","28":"pa_talla-eu-1990","29":"pa_talla-eu-1996","30":"pa_talla-eu-2002","31":"pa_talla-eu-2008","32":"pa_talla-eu-2014","33":"pa_talla-eu-2020","34":"pa_talla-eu-2026","35":"pa_talla-eu-2032","36":"pa_talla-eu-2038","37":"pa_talla-eu-2044","39":"first","40":"instock","41":"sale","42":"shipping-taxable","43":"purchasable","44":"product-type-variable"},"_links":{"self":[{"href":"https:\/\/hypedfootwear.com\/pt-pt\/wp-json\/wp\/v2\/product\/3473","targetHints":{"allow":["GET"]}}],"collection":[{"href":"https:\/\/hypedfootwear.com\/pt-pt\/wp-json\/wp\/v2\/product"}],"about":[{"href":"https:\/\/hypedfootwear.com\/pt-pt\/wp-json\/wp\/v2\/types\/product"}],"version-history":[{"count":0,"href":"https:\/\/hypedfootwear.com\/pt-pt\/wp-json\/wp\/v2\/product\/3473\/revisions"}],"wp:featuredmedia":[{"embeddable":true,"href":"https:\/\/hypedfootwear.com\/pt-pt\/wp-json\/wp\/v2\/media\/3469"}],"wp:attachment":[{"href":"https:\/\/hypedfootwear.com\/pt-pt\/wp-json\/wp\/v2\/media?parent=3473"}],"wp:term":[{"taxonomy":"product_cat","embeddable":true,"href":"https:\/\/hypedfootwear.com\/pt-pt\/wp-json\/wp\/v2\/product_cat?post=3473"},{"taxonomy":"product_tag","embeddable":true,"href":"https:\/\/hypedfootwear.com\/pt-pt\/wp-json\/wp\/v2\/product_tag?post=3473"}],"curies":[{"name":"wp","href":"https:\/\/api.w.org\/{rel}","templated":true}]}}