{"id":3352,"date":"2025-02-23T01:59:47","date_gmt":"2025-02-23T01:59:47","guid":{"rendered":"https:\/\/hypedfootwear.com\/producto\/jordan-1-low-travis-scott-black-phantom\/"},"modified":"2026-03-27T07:59:13","modified_gmt":"2026-03-27T06:59:13","slug":"jordan-1-low-travis-scott-black-phantom","status":"publish","type":"product","link":"https:\/\/hypedfootwear.com\/pt-pt\/shop\/jordan-1-low-travis-scott-black-phantom\/","title":{"rendered":"Jordan 1 Low Travis Scott Black Phantom"},"content":{"rendered":"<p>\u00a1Atr\u00e9vete a marcar tendencia con las Jordan 1 Low Travis Scott Black Phantom! Esta colaboraci\u00f3n \u00fanica entre Travis Scott y Nike ofrece un dise\u00f1o exclusivo: piel negra elegante, detalles en marr\u00f3n y la emblem\u00e1tica marca Cactus Jack. Incluye un ingenioso bolsillo oculto&#8230; Ideal para los fans de Travis Scott y Jordan, estas zapatillas no solo son un s\u00edmbolo de moda, sino una pieza esencial para cualquier sneakerhead. \u00a1No te quedes atr\u00e1s! Consigue las tuyas y destaca en cada paso. Eleva tu estilo y asegura tu par antes de que se agoten.<\/p>\n","protected":false},"excerpt":{"rendered":"<p>\u00a1Atr\u00e9vete a marcar tendencia con las Jordan 1 Low Travis Scott Black Phantom! Esta colaboraci\u00f3n \u00fanica entre Travis&hellip;<\/p>\n","protected":false},"featured_media":3351,"template":"","meta":[],"product_cat":[1397,1397,1397,1397,1397,1397,1397,1524,1524,1524,1524,1524,1524,1524,1848,1848,1848,1848,1848,1848,1848,1403,1403,1403,1403,1403,1403,1403],"product_tag":[8687,8693,8699,7529,8519,7619,8705,8123],"class_list":{"0":"post-3352","1":"product","2":"type-product","3":"status-publish","4":"has-post-thumbnail","6":"product_cat-jordan","13":"product_cat-air-jordan-1","20":"product_cat-air-jordan-1-low","27":"product_cat-chaussures","34":"product_tag-black-phantom","35":"product_tag-cactus-jack","36":"product_tag-hidden-stash-pocket","37":"product_tag-jordan-1","38":"product_tag-leather","39":"product_tag-nike","40":"product_tag-sneaker","41":"product_tag-travis-scott","42":"pa_talla-eu-1986","43":"pa_talla-eu-1992","44":"pa_talla-eu-1998","45":"pa_talla-eu-2004","46":"pa_talla-eu-2010","47":"pa_talla-eu-2016","48":"pa_talla-eu-2022","49":"pa_talla-eu-2028","50":"pa_talla-eu-2034","51":"pa_talla-eu-2040","53":"first","54":"instock","55":"sale","56":"shipping-taxable","57":"purchasable","58":"product-type-variable"},"_links":{"self":[{"href":"https:\/\/hypedfootwear.com\/pt-pt\/wp-json\/wp\/v2\/product\/3352","targetHints":{"allow":["GET"]}}],"collection":[{"href":"https:\/\/hypedfootwear.com\/pt-pt\/wp-json\/wp\/v2\/product"}],"about":[{"href":"https:\/\/hypedfootwear.com\/pt-pt\/wp-json\/wp\/v2\/types\/product"}],"version-history":[{"count":0,"href":"https:\/\/hypedfootwear.com\/pt-pt\/wp-json\/wp\/v2\/product\/3352\/revisions"}],"wp:featuredmedia":[{"embeddable":true,"href":"https:\/\/hypedfootwear.com\/pt-pt\/wp-json\/wp\/v2\/media\/3351"}],"wp:attachment":[{"href":"https:\/\/hypedfootwear.com\/pt-pt\/wp-json\/wp\/v2\/media?parent=3352"}],"wp:term":[{"taxonomy":"product_cat","embeddable":true,"href":"https:\/\/hypedfootwear.com\/pt-pt\/wp-json\/wp\/v2\/product_cat?post=3352"},{"taxonomy":"product_tag","embeddable":true,"href":"https:\/\/hypedfootwear.com\/pt-pt\/wp-json\/wp\/v2\/product_tag?post=3352"}],"curies":[{"name":"wp","href":"https:\/\/api.w.org\/{rel}","templated":true}]}}