{"id":3333,"date":"2025-02-23T01:58:30","date_gmt":"2025-02-23T01:58:30","guid":{"rendered":"https:\/\/hypedfootwear.com\/producto\/jordan-4-infrared\/"},"modified":"2026-03-11T15:30:04","modified_gmt":"2026-03-11T14:30:04","slug":"jordan-4-infrared","status":"publish","type":"product","link":"https:\/\/hypedfootwear.com\/pt-pt\/shop\/jordan-4-infrared\/","title":{"rendered":"Jordan 4 Infrared"},"content":{"rendered":"<p>Las zapatillas Jordan 4 Infrared son un cl\u00e1sico de la marca, con su dise\u00f1o ic\u00f3nico y colores vibrantes. Cuenta con una parte superior de cuero y malla, amortiguaci\u00f3n Air Sole y suela de goma resistente. El colorway &#8220;Infrared&#8221; agrega un toque llamativo y elegante a cualquier atuendo. Ideal para los amantes del baloncesto y los coleccionistas de zapatillas retro.<\/p>\n","protected":false},"excerpt":{"rendered":"<p>Las zapatillas Jordan 4 Infrared son un cl\u00e1sico de la marca, con su dise\u00f1o ic\u00f3nico y colores vibrantes.&hellip;<\/p>\n","protected":false},"featured_media":3331,"template":"","meta":[],"product_cat":[1397,1397,1397,1397,1397,1397,1397,1530,1530,1530,1530,1530,1530,1530,1403,1403,1403,1403,1403,1403,1403],"product_tag":[7097,8465,8495,7619,8069,8501],"class_list":{"0":"post-3333","1":"product","2":"type-product","3":"status-publish","4":"has-post-thumbnail","6":"product_cat-jordan","13":"product_cat-air-jordan-4","20":"product_cat-chaussures","27":"product_tag-air-sole","28":"product_tag-baloncesto","29":"product_tag-jordan-4-infrared","30":"product_tag-nike","31":"product_tag-suela-de-goma","32":"product_tag-zapatillas-retro","33":"pa_talla-eu-1986","34":"pa_talla-eu-1992","35":"pa_talla-eu-1998","36":"pa_talla-eu-2004","37":"pa_talla-eu-2010","38":"pa_talla-eu-2016","39":"pa_talla-eu-2022","40":"pa_talla-eu-2028","41":"pa_talla-eu-2034","42":"pa_talla-eu-2040","43":"pa_talla-eu-2052","45":"first","46":"instock","47":"sale","48":"shipping-taxable","49":"purchasable","50":"product-type-variable"},"_links":{"self":[{"href":"https:\/\/hypedfootwear.com\/pt-pt\/wp-json\/wp\/v2\/product\/3333","targetHints":{"allow":["GET"]}}],"collection":[{"href":"https:\/\/hypedfootwear.com\/pt-pt\/wp-json\/wp\/v2\/product"}],"about":[{"href":"https:\/\/hypedfootwear.com\/pt-pt\/wp-json\/wp\/v2\/types\/product"}],"version-history":[{"count":0,"href":"https:\/\/hypedfootwear.com\/pt-pt\/wp-json\/wp\/v2\/product\/3333\/revisions"}],"wp:featuredmedia":[{"embeddable":true,"href":"https:\/\/hypedfootwear.com\/pt-pt\/wp-json\/wp\/v2\/media\/3331"}],"wp:attachment":[{"href":"https:\/\/hypedfootwear.com\/pt-pt\/wp-json\/wp\/v2\/media?parent=3333"}],"wp:term":[{"taxonomy":"product_cat","embeddable":true,"href":"https:\/\/hypedfootwear.com\/pt-pt\/wp-json\/wp\/v2\/product_cat?post=3333"},{"taxonomy":"product_tag","embeddable":true,"href":"https:\/\/hypedfootwear.com\/pt-pt\/wp-json\/wp\/v2\/product_tag?post=3333"}],"curies":[{"name":"wp","href":"https:\/\/api.w.org\/{rel}","templated":true}]}}