{"id":3317,"date":"2025-02-23T01:57:41","date_gmt":"2025-02-23T01:57:41","guid":{"rendered":"https:\/\/hypedfootwear.com\/producto\/nike-jordan-4-seafoam-edicion-limitada\/"},"modified":"2026-03-11T15:30:08","modified_gmt":"2026-03-11T14:30:08","slug":"nike-jordan-4-seafoam-edicion-limitada","status":"publish","type":"product","link":"https:\/\/hypedfootwear.com\/pt-pt\/shop\/nike-jordan-4-seafoam-edicion-limitada\/","title":{"rendered":"Nike Jordan 4 Seafoam &#8211; Edici\u00f3n limitada"},"content":{"rendered":"<p>Nike Jordan 4 Seafoam, edici\u00f3n limitada con un moderno dise\u00f1o verde menta y detalles negros.<\/p>\n<div style=\"width: 1080px;\" class=\"wp-video\"><video class=\"wp-video-shortcode\" id=\"video-3317-1\" width=\"1080\" height=\"1920\" preload=\"metadata\" controls=\"controls\"><source type=\"video\/mp4\" src=\"https:\/\/ibuysneakers.com\/wp-content\/uploads\/2023\/04\/SaveInsta.App-3037455795431910473.mp4?_=1\" \/><a href=\"https:\/\/ibuysneakers.com\/wp-content\/uploads\/2023\/04\/SaveInsta.App-3037455795431910473.mp4\">https:\/\/ibuysneakers.com\/wp-content\/uploads\/2023\/04\/SaveInsta.App-3037455795431910473.mp4<\/a><\/video><\/div>\n","protected":false},"excerpt":{"rendered":"<p>Nike Jordan 4 Seafoam, edici\u00f3n limitada con un moderno dise\u00f1o verde menta y detalles negros.<\/p>\n","protected":false},"featured_media":3315,"template":"","meta":[],"product_cat":[1397,1397,1397,1397,1397,1397,1397,1530,1530,1530,1530,1530,1530,1530,1403,1403,1403,1403,1403,1403,1403],"product_tag":[8327,7103,8405,7523,8387,8411,7619,9395,8417,8399],"class_list":{"0":"post-3317","1":"product","2":"type-product","3":"status-publish","4":"has-post-thumbnail","6":"product_cat-jordan","13":"product_cat-air-jordan-4","20":"product_cat-chaussures","27":"product_tag-cuero","28":"product_tag-edicion-limitada","29":"product_tag-gamuza","30":"product_tag-jordan","31":"product_tag-jumpman","32":"product_tag-negro","33":"product_tag-nike","34":"product_tag-nike-jordan-4-seafoam-edicion-limitada","35":"product_tag-verde-menta","36":"product_tag-zapatillas","37":"pa_talla-eu-1986","38":"pa_talla-eu-1992","39":"pa_talla-eu-1998","40":"pa_talla-eu-2004","41":"pa_talla-eu-2010","42":"pa_talla-eu-2016","43":"pa_talla-eu-2022","44":"pa_talla-eu-2028","45":"pa_talla-eu-2034","46":"pa_talla-eu-2040","48":"first","49":"instock","50":"sale","51":"shipping-taxable","52":"purchasable","53":"product-type-variable"},"_links":{"self":[{"href":"https:\/\/hypedfootwear.com\/pt-pt\/wp-json\/wp\/v2\/product\/3317","targetHints":{"allow":["GET"]}}],"collection":[{"href":"https:\/\/hypedfootwear.com\/pt-pt\/wp-json\/wp\/v2\/product"}],"about":[{"href":"https:\/\/hypedfootwear.com\/pt-pt\/wp-json\/wp\/v2\/types\/product"}],"version-history":[{"count":0,"href":"https:\/\/hypedfootwear.com\/pt-pt\/wp-json\/wp\/v2\/product\/3317\/revisions"}],"wp:featuredmedia":[{"embeddable":true,"href":"https:\/\/hypedfootwear.com\/pt-pt\/wp-json\/wp\/v2\/media\/3315"}],"wp:attachment":[{"href":"https:\/\/hypedfootwear.com\/pt-pt\/wp-json\/wp\/v2\/media?parent=3317"}],"wp:term":[{"taxonomy":"product_cat","embeddable":true,"href":"https:\/\/hypedfootwear.com\/pt-pt\/wp-json\/wp\/v2\/product_cat?post=3317"},{"taxonomy":"product_tag","embeddable":true,"href":"https:\/\/hypedfootwear.com\/pt-pt\/wp-json\/wp\/v2\/product_tag?post=3317"}],"curies":[{"name":"wp","href":"https:\/\/api.w.org\/{rel}","templated":true}]}}