{"id":3309,"date":"2025-02-23T01:21:07","date_gmt":"2025-02-23T01:21:07","guid":{"rendered":"https:\/\/hypedfootwear.com\/producto\/jordan-4-military-black\/"},"modified":"2026-03-27T07:59:23","modified_gmt":"2026-03-27T06:59:23","slug":"jordan-4-military-black","status":"publish","type":"product","link":"https:\/\/hypedfootwear.com\/pt-pt\/shop\/jordan-4-military-black\/","title":{"rendered":"Jordan 4 Military Black"},"content":{"rendered":"<p>\u00a1Lleva tu estilo al siguiente nivel con las Jordan 4 Military Black! Esta edici\u00f3n limitada fusiona elegancia y rendimiento. Con un dise\u00f1o en negro, gris y blanco, y detalles rojos, destacar\u00e1s en cada paso. La parte superior de cuero y malla garantiza durabilidad; la suela de goma ofrece tracci\u00f3n superior. Disfruta de una amortiguaci\u00f3n inigualable gracias a la tecnolog\u00eda Air-Sole. Perfectas para la cancha y el d\u00eda a d\u00eda. Imprescindibles para cualquier fan\u00e1tico de Jordan&#8230; No te quedes sin las tuyas. \u00a1A\u00f1\u00e1delas a tu colecci\u00f3n hoy mismo y marca la diferencia!<\/p>\n","protected":false},"excerpt":{"rendered":"<p>\u00a1Lleva tu estilo al siguiente nivel con las Jordan 4 Military Black! Esta edici\u00f3n limitada fusiona elegancia y&hellip;<\/p>\n","protected":false},"featured_media":3304,"template":"","meta":[],"product_cat":[1397,1397,1397,1397,1397,1397,1397,1530,1530,1530,1530,1530,1530,1530,1403,1403,1403,1403,1403,1403,1403],"product_tag":[7097,7103,7109,7115,7121,7127],"class_list":{"0":"post-3309","1":"product","2":"type-product","3":"status-publish","4":"has-post-thumbnail","6":"product_cat-jordan","13":"product_cat-air-jordan-4","20":"product_cat-chaussures","27":"product_tag-air-sole","28":"product_tag-edicion-limitada","29":"product_tag-jordan-4","30":"product_tag-michael-jordan","31":"product_tag-military-black","32":"product_tag-zapatillas-de-baloncesto","33":"pa_talla-eu-1986","34":"pa_talla-eu-1992","35":"pa_talla-eu-1998","36":"pa_talla-eu-2004","37":"pa_talla-eu-2010","38":"pa_talla-eu-2016","39":"pa_talla-eu-2022","40":"pa_talla-eu-2028","41":"pa_talla-eu-2034","42":"pa_talla-eu-2040","44":"first","45":"instock","46":"sale","47":"shipping-taxable","48":"purchasable","49":"product-type-variable"},"_links":{"self":[{"href":"https:\/\/hypedfootwear.com\/pt-pt\/wp-json\/wp\/v2\/product\/3309","targetHints":{"allow":["GET"]}}],"collection":[{"href":"https:\/\/hypedfootwear.com\/pt-pt\/wp-json\/wp\/v2\/product"}],"about":[{"href":"https:\/\/hypedfootwear.com\/pt-pt\/wp-json\/wp\/v2\/types\/product"}],"version-history":[{"count":0,"href":"https:\/\/hypedfootwear.com\/pt-pt\/wp-json\/wp\/v2\/product\/3309\/revisions"}],"wp:featuredmedia":[{"embeddable":true,"href":"https:\/\/hypedfootwear.com\/pt-pt\/wp-json\/wp\/v2\/media\/3304"}],"wp:attachment":[{"href":"https:\/\/hypedfootwear.com\/pt-pt\/wp-json\/wp\/v2\/media?parent=3309"}],"wp:term":[{"taxonomy":"product_cat","embeddable":true,"href":"https:\/\/hypedfootwear.com\/pt-pt\/wp-json\/wp\/v2\/product_cat?post=3309"},{"taxonomy":"product_tag","embeddable":true,"href":"https:\/\/hypedfootwear.com\/pt-pt\/wp-json\/wp\/v2\/product_tag?post=3309"}],"curies":[{"name":"wp","href":"https:\/\/api.w.org\/{rel}","templated":true}]}}