{"id":27828,"date":"2026-03-03T22:26:06","date_gmt":"2026-03-03T21:26:06","guid":{"rendered":"https:\/\/hypedfootwear.com\/shop\/new-balance-9060-x-joe-freshgoods-baby-shower-blue\/"},"modified":"2026-03-18T06:19:15","modified_gmt":"2026-03-18T05:19:15","slug":"new-balance-9060-x-joe-freshgoods-baby-shower-blue","status":"publish","type":"product","link":"https:\/\/hypedfootwear.com\/pt-pt\/shop\/new-balance-9060-x-joe-freshgoods-baby-shower-blue\/","title":{"rendered":"New Balance 9060 x Joe Freshgoods &#8216;Baby Shower Blue&#8217;"},"content":{"rendered":"<p>Colaboraci\u00f3n exclusiva entre New Balance y Joe Freshgoods. Las 9060 Baby Shower Blue destacan por su dise\u00f1o \u00fanico en tonos azul pastel.<\/p>\n","protected":false},"excerpt":{"rendered":"<p>New Balance 9060 x Joe Freshgoods &#8211; Collab exclusiva<\/p>\n","protected":false},"featured_media":27835,"template":"","meta":[],"product_cat":[1421,1421,1421,1421,1421,1421,1421,1722,1722,1722,1722,1722,1722,1722],"product_tag":[],"class_list":{"0":"post-27828","1":"product","2":"type-product","3":"status-publish","4":"has-post-thumbnail","6":"product_cat-new-balance","13":"product_cat-new-balance-9060","20":"pa_talla-eu-1986","21":"pa_talla-eu-1992","22":"pa_talla-eu-1998","23":"pa_talla-eu-39-5-eu-uk-6-5-25-5cm","24":"pa_talla-eu-2010","25":"pa_talla-eu-41-5-eu-uk-7-26cm","26":"pa_talla-eu-2022","27":"pa_talla-eu-2028","28":"pa_talla-eu-2034","29":"pa_talla-eu-2040","31":"first","32":"instock","33":"shipping-taxable","34":"purchasable","35":"product-type-variable"},"_links":{"self":[{"href":"https:\/\/hypedfootwear.com\/pt-pt\/wp-json\/wp\/v2\/product\/27828","targetHints":{"allow":["GET"]}}],"collection":[{"href":"https:\/\/hypedfootwear.com\/pt-pt\/wp-json\/wp\/v2\/product"}],"about":[{"href":"https:\/\/hypedfootwear.com\/pt-pt\/wp-json\/wp\/v2\/types\/product"}],"version-history":[{"count":0,"href":"https:\/\/hypedfootwear.com\/pt-pt\/wp-json\/wp\/v2\/product\/27828\/revisions"}],"wp:featuredmedia":[{"embeddable":true,"href":"https:\/\/hypedfootwear.com\/pt-pt\/wp-json\/wp\/v2\/media\/27835"}],"wp:attachment":[{"href":"https:\/\/hypedfootwear.com\/pt-pt\/wp-json\/wp\/v2\/media?parent=27828"}],"wp:term":[{"taxonomy":"product_cat","embeddable":true,"href":"https:\/\/hypedfootwear.com\/pt-pt\/wp-json\/wp\/v2\/product_cat?post=27828"},{"taxonomy":"product_tag","embeddable":true,"href":"https:\/\/hypedfootwear.com\/pt-pt\/wp-json\/wp\/v2\/product_tag?post=27828"}],"curies":[{"name":"wp","href":"https:\/\/api.w.org\/{rel}","templated":true}]}}