{"id":20952,"date":"2025-10-20T08:41:33","date_gmt":"2025-10-20T06:41:33","guid":{"rendered":"https:\/\/hypedfootwear.com\/?post_type=product&#038;p=20952"},"modified":"2026-03-18T06:19:33","modified_gmt":"2026-03-18T05:19:33","slug":"new-balance-530-sl-miu-miu-black","status":"publish","type":"product","link":"https:\/\/hypedfootwear.com\/pt-pt\/shop\/new-balance-530-sl-miu-miu-black\/","title":{"rendered":"New Balance 530 SL Miu Miu Black"},"content":{"rendered":"<p>New Balance 530 SL Miu Miu Black: Zapatillas exclusivas creadas por Miu Miu y New Balance en color negro, fabricadas en piel premium y malla con efecto vintage. Incorporan detalles distintivos como el logo serigrafiado, doble cord\u00f3n de algod\u00f3n y piel, suela de goma con patr\u00f3n geom\u00e9trico y plantilla extra\u00edble. Un modelo sofisticado que fusiona lujo italiano y comodidad deportiva, ideal para destacar en la moda urbana y elevar tu estilo con elegancia.<\/p>\n","protected":false},"excerpt":{"rendered":"<p>New Balance 530 SL Miu Miu Black: Zapatillas exclusivas creadas por Miu Miu y New Balance en color&hellip;<\/p>\n","protected":false},"featured_media":20963,"template":"","meta":[],"product_cat":[1403,1403,1403,1403,1860,1860,1860,1860,1860,1860,1860,1421,1421,1421,1421,1421,1421,1421,1716,1716,1716,1716,1716,1716,1716,1403,1403,1403],"product_tag":[9377],"class_list":{"0":"post-20952","1":"product","2":"type-product","3":"status-publish","4":"has-post-thumbnail","6":"product_cat-chaussures","10":"product_cat-miu-miu","17":"product_cat-new-balance","24":"product_cat-new-balance-530","34":"product_tag-new-balance-530-x-miu-miu-brown","35":"pa_talla-eu-1986","36":"pa_talla-eu-1992","37":"pa_talla-eu-1998","38":"pa_talla-eu-39-5-eu-uk-6-5-25-5cm","39":"pa_talla-eu-2010","40":"pa_talla-eu-41-5-eu-uk-7-5-26-5cm","41":"pa_talla-eu-2022","42":"pa_talla-eu-2028","43":"pa_talla-eu-2034","44":"pa_talla-eu-2040","46":"first","47":"instock","48":"shipping-taxable","49":"purchasable","50":"product-type-variable"},"_links":{"self":[{"href":"https:\/\/hypedfootwear.com\/pt-pt\/wp-json\/wp\/v2\/product\/20952","targetHints":{"allow":["GET"]}}],"collection":[{"href":"https:\/\/hypedfootwear.com\/pt-pt\/wp-json\/wp\/v2\/product"}],"about":[{"href":"https:\/\/hypedfootwear.com\/pt-pt\/wp-json\/wp\/v2\/types\/product"}],"version-history":[{"count":0,"href":"https:\/\/hypedfootwear.com\/pt-pt\/wp-json\/wp\/v2\/product\/20952\/revisions"}],"wp:featuredmedia":[{"embeddable":true,"href":"https:\/\/hypedfootwear.com\/pt-pt\/wp-json\/wp\/v2\/media\/20963"}],"wp:attachment":[{"href":"https:\/\/hypedfootwear.com\/pt-pt\/wp-json\/wp\/v2\/media?parent=20952"}],"wp:term":[{"taxonomy":"product_cat","embeddable":true,"href":"https:\/\/hypedfootwear.com\/pt-pt\/wp-json\/wp\/v2\/product_cat?post=20952"},{"taxonomy":"product_tag","embeddable":true,"href":"https:\/\/hypedfootwear.com\/pt-pt\/wp-json\/wp\/v2\/product_tag?post=20952"}],"curies":[{"name":"wp","href":"https:\/\/api.w.org\/{rel}","templated":true}]}}