{"id":20272,"date":"2025-10-05T01:40:08","date_gmt":"2025-10-04T23:40:08","guid":{"rendered":"https:\/\/hypedfootwear.com\/?post_type=product&#038;p=20272"},"modified":"2026-03-18T06:19:35","modified_gmt":"2026-03-18T05:19:35","slug":"new-balance-204l-mushroom-arid-stone-2","status":"publish","type":"product","link":"https:\/\/hypedfootwear.com\/pt-pt\/shop\/new-balance-204l-mushroom-arid-stone-2\/","title":{"rendered":"New Balance 204L Mushroom Arid Stone"},"content":{"rendered":"<p data-start=\"277\" data-end=\"798\">Las <strong data-start=\"281\" data-end=\"329\">New Balance 2002R 204L \u201cMushroom Arid Stone\u201d<\/strong> fusionan el estilo retro con una est\u00e9tica moderna inspirada en la naturaleza. Confeccionadas en <strong data-start=\"426\" data-end=\"463\">ante premium y malla transpirable<\/strong>, destacan por su combinaci\u00f3n de tonos tierra y detalles refinados que aportan elegancia y versatilidad.<br data-start=\"567\" data-end=\"570\" \/>La <strong data-start=\"573\" data-end=\"603\">tecnolog\u00eda ABZORB y N-ergy<\/strong> en la entresuela ofrece una amortiguaci\u00f3n superior y soporte duradero, perfecta para quienes valoran comodidad y dise\u00f1o en su d\u00eda a d\u00eda.<\/p>\n","protected":false},"excerpt":{"rendered":"<p>Las New Balance 2002R 204L \u201cMushroom Arid Stone\u201d fusionan el estilo retro con una est\u00e9tica moderna inspirada en&hellip;<\/p>\n","protected":false},"featured_media":20273,"template":"","meta":[],"product_cat":[1421,1421,1421,1421,1421,1421,1421,1836,1836,1836,1836,1836,1836,1836],"product_tag":[11519],"class_list":{"0":"post-20272","1":"product","2":"type-product","3":"status-publish","4":"has-post-thumbnail","6":"product_cat-new-balance","13":"product_cat-new-balance-204l","20":"product_tag-new-balance-204l-mushroom-arid-stone","21":"pa_talla-eu-1986","22":"pa_talla-eu-1992","23":"pa_talla-eu-1998","24":"pa_talla-eu-39-5-eu-uk-6-5-25-5cm","25":"pa_talla-eu-2010","26":"pa_talla-eu-41-5-eu-uk-7-26cm","27":"pa_talla-eu-2022","28":"pa_talla-eu-2028","29":"pa_talla-eu-2034","30":"pa_talla-eu-2040","32":"first","33":"instock","34":"sale","35":"shipping-taxable","36":"purchasable","37":"product-type-variable"},"_links":{"self":[{"href":"https:\/\/hypedfootwear.com\/pt-pt\/wp-json\/wp\/v2\/product\/20272","targetHints":{"allow":["GET"]}}],"collection":[{"href":"https:\/\/hypedfootwear.com\/pt-pt\/wp-json\/wp\/v2\/product"}],"about":[{"href":"https:\/\/hypedfootwear.com\/pt-pt\/wp-json\/wp\/v2\/types\/product"}],"version-history":[{"count":0,"href":"https:\/\/hypedfootwear.com\/pt-pt\/wp-json\/wp\/v2\/product\/20272\/revisions"}],"wp:featuredmedia":[{"embeddable":true,"href":"https:\/\/hypedfootwear.com\/pt-pt\/wp-json\/wp\/v2\/media\/20273"}],"wp:attachment":[{"href":"https:\/\/hypedfootwear.com\/pt-pt\/wp-json\/wp\/v2\/media?parent=20272"}],"wp:term":[{"taxonomy":"product_cat","embeddable":true,"href":"https:\/\/hypedfootwear.com\/pt-pt\/wp-json\/wp\/v2\/product_cat?post=20272"},{"taxonomy":"product_tag","embeddable":true,"href":"https:\/\/hypedfootwear.com\/pt-pt\/wp-json\/wp\/v2\/product_tag?post=20272"}],"curies":[{"name":"wp","href":"https:\/\/api.w.org\/{rel}","templated":true}]}}