{"id":1755,"date":"2025-02-22T23:26:49","date_gmt":"2025-02-22T23:26:49","guid":{"rendered":"https:\/\/hypedfootwear.com\/producto\/nike-sb-dunk-low-x-the-powerpuff-girls-blossom\/"},"modified":"2026-03-27T08:03:09","modified_gmt":"2026-03-27T07:03:09","slug":"nike-sb-dunk-low-x-the-powerpuff-girls-blossom","status":"publish","type":"product","link":"https:\/\/hypedfootwear.com\/pt-pt\/shop\/nike-sb-dunk-low-x-the-powerpuff-girls-blossom\/","title":{"rendered":"Nike SB Dunk Low x The Powerpuff Girls Blossom"},"content":{"rendered":"<p>\u00a1Descubre el poder de Blossom con las Nike SB Dunk Low x The Powerpuff Girls! Estas sneakers edici\u00f3n limitada combinan dise\u00f1o ic\u00f3nico y rosa vibrante con materiales premium. Perfectas para skaters y coleccionistas, ofrecen comodidad y estilo inigualables. Destaca en cada paso con estas exclusivas zapatillas&#8230; \u00a1Complementa cualquier outfit! No las dejes escapar: est\u00e1n volando de las tiendas. Compra ahora y \u00fanete a la tendencia. A\u00f1\u00e1delas a tu carrito y transforma tu look con el encanto de Blossom. \u00a1S\u00e9 parte de esta revoluci\u00f3n sneaker!<\/p>\n","protected":false},"excerpt":{"rendered":"<p>\u00a1Descubre el poder de Blossom con las Nike SB Dunk Low x The Powerpuff Girls! Estas sneakers edici\u00f3n&hellip;<\/p>\n","protected":false},"featured_media":1753,"template":"","meta":[],"product_cat":[1403,1403,1403,1403,1427,1427,1427,1427,1427,1427,1427,1506,1506,1506,1506,1506,1506,1506,1403,1403,1403],"product_tag":[7367],"class_list":{"0":"post-1755","1":"product","2":"type-product","3":"status-publish","4":"has-post-thumbnail","6":"product_cat-chaussures","10":"product_cat-nike","17":"product_cat-dunk-sb","27":"product_tag-nike-sb-dunk-low-x-the-powerpuff-girls-blossom","28":"pa_talla-eu-1986","29":"pa_talla-eu-1992","30":"pa_talla-eu-1998","31":"pa_talla-eu-2004","32":"pa_talla-eu-2010","33":"pa_talla-eu-2016","34":"pa_talla-eu-2022","35":"pa_talla-eu-2028","36":"pa_talla-eu-2034","37":"pa_talla-eu-2040","39":"first","40":"instock","41":"sale","42":"shipping-taxable","43":"purchasable","44":"product-type-variable"},"_links":{"self":[{"href":"https:\/\/hypedfootwear.com\/pt-pt\/wp-json\/wp\/v2\/product\/1755","targetHints":{"allow":["GET"]}}],"collection":[{"href":"https:\/\/hypedfootwear.com\/pt-pt\/wp-json\/wp\/v2\/product"}],"about":[{"href":"https:\/\/hypedfootwear.com\/pt-pt\/wp-json\/wp\/v2\/types\/product"}],"version-history":[{"count":0,"href":"https:\/\/hypedfootwear.com\/pt-pt\/wp-json\/wp\/v2\/product\/1755\/revisions"}],"wp:featuredmedia":[{"embeddable":true,"href":"https:\/\/hypedfootwear.com\/pt-pt\/wp-json\/wp\/v2\/media\/1753"}],"wp:attachment":[{"href":"https:\/\/hypedfootwear.com\/pt-pt\/wp-json\/wp\/v2\/media?parent=1755"}],"wp:term":[{"taxonomy":"product_cat","embeddable":true,"href":"https:\/\/hypedfootwear.com\/pt-pt\/wp-json\/wp\/v2\/product_cat?post=1755"},{"taxonomy":"product_tag","embeddable":true,"href":"https:\/\/hypedfootwear.com\/pt-pt\/wp-json\/wp\/v2\/product_tag?post=1755"}],"curies":[{"name":"wp","href":"https:\/\/api.w.org\/{rel}","templated":true}]}}