{"id":15937,"date":"2025-08-12T14:06:40","date_gmt":"2025-08-12T12:06:40","guid":{"rendered":"https:\/\/hypedfootwear.com\/?post_type=product&#038;p=15937"},"modified":"2026-03-11T13:17:43","modified_gmt":"2026-03-11T12:17:43","slug":"adidas-samba-og-cream-crochet","status":"publish","type":"product","link":"https:\/\/hypedfootwear.com\/pt-pt\/shop\/adidas-samba-og-cream-crochet\/","title":{"rendered":"Adidas Samba OG Cream Crochet"},"content":{"rendered":"<p>Una versi\u00f3n renovada de un icono atemporal, las adidas Samba OG actualizan la silueta cl\u00e1sica con una parte superior de punto transpirable, detalles de ante premium y la ic\u00f3nica suela de goma. Con las 3-Stripes dentadas y un suave forro textil, combinan el estilo retro con el atractivo del streetwear moderno.<\/p>\n","protected":false},"excerpt":{"rendered":"<p>Una versi\u00f3n renovada de un icono atemporal, las adidas Samba OG actualizan la silueta cl\u00e1sica con una parte&hellip;<\/p>\n","protected":false},"featured_media":15955,"template":"","meta":[],"product_cat":[1395,1395,1395,1395,1395,1395,1395,1504,1504,1504,1504,1504,1504,1504],"product_tag":[9441,9315,9429,9435],"class_list":{"0":"post-15937","1":"product","2":"type-product","3":"status-publish","4":"has-post-thumbnail","6":"product_cat-adidas","13":"product_cat-adidas-samba","20":"product_tag-adidas","21":"product_tag-adidas-samba","22":"product_tag-adidas-samba-og-sand-strata","23":"product_tag-samba","24":"pa_talla-eu-2050","25":"pa_talla-eu-1990","26":"pa_talla-eu-1996","27":"pa_talla-eu-2002","28":"pa_talla-eu-2008","29":"pa_talla-eu-2014","30":"pa_talla-eu-2020","31":"pa_talla-eu-2026","32":"pa_talla-eu-2032","33":"pa_talla-eu-2038","34":"pa_talla-eu-2044","35":"pa_talla-eu-2056","37":"first","38":"instock","39":"sale","40":"shipping-taxable","41":"purchasable","42":"product-type-variable"},"_links":{"self":[{"href":"https:\/\/hypedfootwear.com\/pt-pt\/wp-json\/wp\/v2\/product\/15937","targetHints":{"allow":["GET"]}}],"collection":[{"href":"https:\/\/hypedfootwear.com\/pt-pt\/wp-json\/wp\/v2\/product"}],"about":[{"href":"https:\/\/hypedfootwear.com\/pt-pt\/wp-json\/wp\/v2\/types\/product"}],"version-history":[{"count":0,"href":"https:\/\/hypedfootwear.com\/pt-pt\/wp-json\/wp\/v2\/product\/15937\/revisions"}],"wp:featuredmedia":[{"embeddable":true,"href":"https:\/\/hypedfootwear.com\/pt-pt\/wp-json\/wp\/v2\/media\/15955"}],"wp:attachment":[{"href":"https:\/\/hypedfootwear.com\/pt-pt\/wp-json\/wp\/v2\/media?parent=15937"}],"wp:term":[{"taxonomy":"product_cat","embeddable":true,"href":"https:\/\/hypedfootwear.com\/pt-pt\/wp-json\/wp\/v2\/product_cat?post=15937"},{"taxonomy":"product_tag","embeddable":true,"href":"https:\/\/hypedfootwear.com\/pt-pt\/wp-json\/wp\/v2\/product_tag?post=15937"}],"curies":[{"name":"wp","href":"https:\/\/api.w.org\/{rel}","templated":true}]}}