{"id":5057,"date":"2025-03-06T09:31:13","date_gmt":"2025-03-06T09:31:13","guid":{"rendered":"https:\/\/hypedfootwear.com\/?post_type=product&#038;p=5057"},"modified":"2026-03-11T15:27:55","modified_gmt":"2026-03-11T14:27:55","slug":"adidas-samba-og-w-cloud-white-silver-grey-one","status":"publish","type":"product","link":"https:\/\/hypedfootwear.com\/nl\/shop\/adidas-samba-og-w-cloud-white-silver-grey-one\/","title":{"rendered":"Adidas Samba OG W Cloud White \/ Silver \/ Grey One"},"content":{"rendered":"<p>Las adidas Samba OG, con m\u00e1s de 70 a\u00f1os de historia, siguen siendo un verdadero icono del streetwear. Dise\u00f1adas originalmente para ofrecer agilidad y control \u00f3ptimo del bal\u00f3n, destacan por su parte superior de piel lisa, puntera de nobuk y suela de goma reforzada. Incorporan cierre de cordones, forro textil y una combinaci\u00f3n de materiales de alta calidad. <\/p>\n","protected":false},"excerpt":{"rendered":"<p>Las adidas Samba OG, con m\u00e1s de 70 a\u00f1os de historia, siguen siendo un verdadero icono del streetwear.&hellip;<\/p>\n","protected":false},"featured_media":5071,"template":"","meta":[],"product_cat":[1391,1391,1391,1391,1391,1391,1391,1500,1500,1500,1500,1500,1500,1500,1403,1403,1403,1403,1403,1403,1403],"product_tag":[],"class_list":{"0":"post-5057","1":"product","2":"type-product","3":"status-publish","4":"has-post-thumbnail","6":"product_cat-adidas","13":"product_cat-adidas-samba","20":"product_cat-chaussures","27":"pa_talla-eu-1986","28":"pa_talla-eu-1992","29":"pa_talla-eu-1998","30":"pa_talla-eu-2004","31":"pa_talla-eu-2010","32":"pa_talla-eu-2016","33":"pa_talla-eu-2022","34":"pa_talla-eu-2028","35":"pa_talla-eu-2034","37":"first","38":"instock","39":"sale","40":"shipping-taxable","41":"purchasable","42":"product-type-variable"},"_links":{"self":[{"href":"https:\/\/hypedfootwear.com\/nl\/wp-json\/wp\/v2\/product\/5057","targetHints":{"allow":["GET"]}}],"collection":[{"href":"https:\/\/hypedfootwear.com\/nl\/wp-json\/wp\/v2\/product"}],"about":[{"href":"https:\/\/hypedfootwear.com\/nl\/wp-json\/wp\/v2\/types\/product"}],"version-history":[{"count":0,"href":"https:\/\/hypedfootwear.com\/nl\/wp-json\/wp\/v2\/product\/5057\/revisions"}],"wp:featuredmedia":[{"embeddable":true,"href":"https:\/\/hypedfootwear.com\/nl\/wp-json\/wp\/v2\/media\/5071"}],"wp:attachment":[{"href":"https:\/\/hypedfootwear.com\/nl\/wp-json\/wp\/v2\/media?parent=5057"}],"wp:term":[{"taxonomy":"product_cat","embeddable":true,"href":"https:\/\/hypedfootwear.com\/nl\/wp-json\/wp\/v2\/product_cat?post=5057"},{"taxonomy":"product_tag","embeddable":true,"href":"https:\/\/hypedfootwear.com\/nl\/wp-json\/wp\/v2\/product_tag?post=5057"}],"curies":[{"name":"wp","href":"https:\/\/api.w.org\/{rel}","templated":true}]}}