{"id":3499,"date":"2025-02-23T02:25:01","date_gmt":"2025-02-23T02:25:01","guid":{"rendered":"https:\/\/hypedfootwear.com\/producto\/dunk-low-x-ow-lot-31\/"},"modified":"2026-03-11T15:29:50","modified_gmt":"2026-03-11T14:29:50","slug":"dunk-low-x-ow-lot-31","status":"publish","type":"product","link":"https:\/\/hypedfootwear.com\/nl\/shop\/dunk-low-x-ow-lot-31\/","title":{"rendered":"Dunk Low X OW Lot 31"},"content":{"rendered":"<p>\u00a1Descubre la exclusividad con los Dunk Low X OW Lot 31! Dise\u00f1ados en colaboraci\u00f3n con Off-White, estos sneakers fusionan estilo y arte urbano. Su dise\u00f1o \u00fanico y detalles distintivos te har\u00e1n destacar en cualquier lugar. Confeccionados con materiales de alta calidad, garantizan comodidad y durabilidad. El colorway exclusivo Lot 31 es una obra maestra para los verdaderos amantes de las sneakers. No te quedes sin ellos\u2026 Completa tu colecci\u00f3n y eleva tu estilo al siguiente nivel. \u00a1Haz clic ahora para llevarte a casa un par de este ic\u00f3nico lanzamiento!<\/p>\n","protected":false},"excerpt":{"rendered":"<p>\u00a1Descubre la exclusividad con los Dunk Low X OW Lot 31! Dise\u00f1ados en colaboraci\u00f3n con Off-White, estos sneakers&hellip;<\/p>\n","protected":false},"featured_media":3495,"template":"","meta":[],"product_cat":[1403,1403,1403,1403,1427,1427,1427,1427,1427,1427,1427,1506,1506,1506,1506,1506,1506,1506,1403,1403,1403],"product_tag":[8999],"class_list":{"0":"post-3499","1":"product","2":"type-product","3":"status-publish","4":"has-post-thumbnail","6":"product_cat-chaussures","10":"product_cat-nike","17":"product_cat-dunk-sb","27":"product_tag-dunk-low-x-ow-lot-31","28":"pa_talla-eu-1986","29":"pa_talla-eu-1992","30":"pa_talla-eu-1998","31":"pa_talla-eu-2004","32":"pa_talla-eu-2010","33":"pa_talla-eu-2016","34":"pa_talla-eu-2022","35":"pa_talla-eu-2028","36":"pa_talla-eu-2034","37":"pa_talla-eu-2040","39":"first","40":"instock","41":"sale","42":"shipping-taxable","43":"purchasable","44":"product-type-variable"},"_links":{"self":[{"href":"https:\/\/hypedfootwear.com\/nl\/wp-json\/wp\/v2\/product\/3499","targetHints":{"allow":["GET"]}}],"collection":[{"href":"https:\/\/hypedfootwear.com\/nl\/wp-json\/wp\/v2\/product"}],"about":[{"href":"https:\/\/hypedfootwear.com\/nl\/wp-json\/wp\/v2\/types\/product"}],"version-history":[{"count":0,"href":"https:\/\/hypedfootwear.com\/nl\/wp-json\/wp\/v2\/product\/3499\/revisions"}],"wp:featuredmedia":[{"embeddable":true,"href":"https:\/\/hypedfootwear.com\/nl\/wp-json\/wp\/v2\/media\/3495"}],"wp:attachment":[{"href":"https:\/\/hypedfootwear.com\/nl\/wp-json\/wp\/v2\/media?parent=3499"}],"wp:term":[{"taxonomy":"product_cat","embeddable":true,"href":"https:\/\/hypedfootwear.com\/nl\/wp-json\/wp\/v2\/product_cat?post=3499"},{"taxonomy":"product_tag","embeddable":true,"href":"https:\/\/hypedfootwear.com\/nl\/wp-json\/wp\/v2\/product_tag?post=3499"}],"curies":[{"name":"wp","href":"https:\/\/api.w.org\/{rel}","templated":true}]}}