{"id":27767,"date":"2026-03-03T03:01:51","date_gmt":"2026-03-03T02:01:51","guid":{"rendered":"https:\/\/hypedfootwear.com\/shop\/new-balance-9060-vintage-indigo\/"},"modified":"2026-03-18T06:19:18","modified_gmt":"2026-03-18T05:19:18","slug":"new-balance-9060-vintage-indigo","status":"publish","type":"product","link":"https:\/\/hypedfootwear.com\/nl\/shop\/new-balance-9060-vintage-indigo\/","title":{"rendered":"New Balance 9060 \u2018Vintage Indigo\u2019"},"content":{"rendered":"<p>Las New Balance 9060 \u2018Vintage Indigo\u2019 ofrecen un look retro premium con tonos azul \u00edndigo y grises. Confeccionadas con ante y malla de alta calidad, estas sneakers mantienen la ic\u00f3nica comodidad de la serie 9060 con tecnolog\u00eda ABZORB.<\/p>\n","protected":false},"excerpt":{"rendered":"<p>Las New Balance 9060 \u2018Vintage Indigo\u2019 ofrecen un look retro premium con tonos azul \u00edndigo y grises. Confeccionadas&hellip;<\/p>\n","protected":false},"featured_media":27763,"template":"","meta":[],"product_cat":[1422,1422,1422,1422,1422,1422,1422,1723,1723,1723,1723,1723,1723,1723],"product_tag":[],"class_list":{"0":"post-27767","1":"product","2":"type-product","3":"status-publish","4":"has-post-thumbnail","6":"product_cat-new-balance","13":"product_cat-new-balance-9060","20":"pa_talla-eu-1987","21":"pa_talla-eu-1993","22":"pa_talla-eu-1999","23":"pa_talla-eu-39-5-eu-uk-6-5-25-5cm","24":"pa_talla-eu-2011","25":"pa_talla-eu-41-5-eu-uk-7-26cm","26":"pa_talla-eu-2023","27":"pa_talla-eu-2029","28":"pa_talla-eu-2035","29":"pa_talla-eu-2041","31":"first","32":"instock","33":"sale","34":"shipping-taxable","35":"purchasable","36":"product-type-variable"},"_links":{"self":[{"href":"https:\/\/hypedfootwear.com\/nl\/wp-json\/wp\/v2\/product\/27767","targetHints":{"allow":["GET"]}}],"collection":[{"href":"https:\/\/hypedfootwear.com\/nl\/wp-json\/wp\/v2\/product"}],"about":[{"href":"https:\/\/hypedfootwear.com\/nl\/wp-json\/wp\/v2\/types\/product"}],"version-history":[{"count":0,"href":"https:\/\/hypedfootwear.com\/nl\/wp-json\/wp\/v2\/product\/27767\/revisions"}],"wp:featuredmedia":[{"embeddable":true,"href":"https:\/\/hypedfootwear.com\/nl\/wp-json\/wp\/v2\/media\/27763"}],"wp:attachment":[{"href":"https:\/\/hypedfootwear.com\/nl\/wp-json\/wp\/v2\/media?parent=27767"}],"wp:term":[{"taxonomy":"product_cat","embeddable":true,"href":"https:\/\/hypedfootwear.com\/nl\/wp-json\/wp\/v2\/product_cat?post=27767"},{"taxonomy":"product_tag","embeddable":true,"href":"https:\/\/hypedfootwear.com\/nl\/wp-json\/wp\/v2\/product_tag?post=27767"}],"curies":[{"name":"wp","href":"https:\/\/api.w.org\/{rel}","templated":true}]}}