{"id":15285,"date":"2025-07-26T12:05:30","date_gmt":"2025-07-26T10:05:30","guid":{"rendered":"https:\/\/hypedfootwear.com\/?post_type=product&#038;p=15285"},"modified":"2026-03-11T15:25:05","modified_gmt":"2026-03-11T14:25:05","slug":"zapatillas-handball-spezial-w-beige-azul","status":"publish","type":"product","link":"https:\/\/hypedfootwear.com\/nl\/shop\/zapatillas-handball-spezial-w-beige-azul\/","title":{"rendered":"Zapatillas Handball Spezial W Beige\/azul"},"content":{"rendered":"<p>Lanzada en 1979 como zapatilla de balonmano, la adidas Handball Spezial trascendi\u00f3 las pistas gracias a su silueta ic\u00f3nica. Esta versi\u00f3n mantiene detalles cl\u00e1sicos como la parte superior de ante suave y la puntera en T, combinados con colores vibrantes que actualizan su estilo. Un dise\u00f1o con alma retro que sigue marcando tendencia. P\u00f3ntelas y haz que cada paso hable por ti.<\/p>\n","protected":false},"excerpt":{"rendered":"<p>Lanzada en 1979 como zapatilla de balonmano, la adidas Handball Spezial trascendi\u00f3 las pistas gracias a su silueta&hellip;<\/p>\n","protected":false},"featured_media":15297,"template":"","meta":[],"product_cat":[1433,1433,1433,1433,1433,1433,1391,1391,1391,1391,1391,1391,1391,1494,1494,1494,1494,1494,1494,1494,1403,1403,1403,1403,1403,1403,1403,1433],"product_tag":[7193],"class_list":{"0":"post-15285","1":"product","2":"type-product","3":"status-publish","4":"has-post-thumbnail","6":"product_cat-accessoires","12":"product_cat-adidas","19":"product_cat-adidas-handball-spezial","26":"product_cat-chaussures","34":"product_tag-adidas-handball-spezial-earth-brown-strata-offwhite-gum","35":"pa_talla-eu-1986","36":"pa_talla-eu-1992","37":"pa_talla-eu-1998","38":"pa_talla-eu-2004","39":"pa_talla-eu-2010","40":"pa_talla-eu-2016","41":"pa_talla-eu-2022","42":"pa_talla-eu-2028","43":"pa_talla-eu-2034","45":"first","46":"instock","47":"sale","48":"shipping-taxable","49":"purchasable","50":"product-type-variable"},"_links":{"self":[{"href":"https:\/\/hypedfootwear.com\/nl\/wp-json\/wp\/v2\/product\/15285","targetHints":{"allow":["GET"]}}],"collection":[{"href":"https:\/\/hypedfootwear.com\/nl\/wp-json\/wp\/v2\/product"}],"about":[{"href":"https:\/\/hypedfootwear.com\/nl\/wp-json\/wp\/v2\/types\/product"}],"version-history":[{"count":0,"href":"https:\/\/hypedfootwear.com\/nl\/wp-json\/wp\/v2\/product\/15285\/revisions"}],"wp:featuredmedia":[{"embeddable":true,"href":"https:\/\/hypedfootwear.com\/nl\/wp-json\/wp\/v2\/media\/15297"}],"wp:attachment":[{"href":"https:\/\/hypedfootwear.com\/nl\/wp-json\/wp\/v2\/media?parent=15285"}],"wp:term":[{"taxonomy":"product_cat","embeddable":true,"href":"https:\/\/hypedfootwear.com\/nl\/wp-json\/wp\/v2\/product_cat?post=15285"},{"taxonomy":"product_tag","embeddable":true,"href":"https:\/\/hypedfootwear.com\/nl\/wp-json\/wp\/v2\/product_tag?post=15285"}],"curies":[{"name":"wp","href":"https:\/\/api.w.org\/{rel}","templated":true}]}}