{"id":1379,"date":"2025-02-22T21:46:35","date_gmt":"2025-02-22T21:46:35","guid":{"rendered":"https:\/\/hypedfootwear.com\/producto\/sb-dunk-low-futura-laboratories-bleached-aqua\/"},"modified":"2026-03-11T17:44:09","modified_gmt":"2026-03-11T16:44:09","slug":"sb-dunk-low-futura-laboratories-bleached-aqua","status":"publish","type":"product","link":"https:\/\/hypedfootwear.com\/nl\/shop\/sb-dunk-low-futura-laboratories-bleached-aqua\/","title":{"rendered":"SB Dunk Low \u201cFutura Laboratories Bleached Aqua\u201d"},"content":{"rendered":"<p>\u00a1Transforma tu estilo con las SB Dunk Low &#8220;Futura Laboratories Bleached Aqua&#8221;! Estas sneakers destacan por su vibrante tono Bleached Aqua y materiales premium que garantizan comodidad y durabilidad. Perfectas para cualquier sneakerhead, son una adici\u00f3n imprescindible a tu colecci\u00f3n. Eleva tu presencia en la cultura urbana con estas piezas \u00fanicas. \u00bfA qu\u00e9 esperas? Compra ahora y asegura tu obra maestra del streetwear antes de que se agoten&#8230; \u00a1S\u00e9 el due\u00f1o de la tendencia!<\/p>\n","protected":false},"excerpt":{"rendered":"<p>\u00a1Transforma tu estilo con las SB Dunk Low &#8220;Futura Laboratories Bleached Aqua&#8221;! Estas sneakers destacan por su vibrante&hellip;<\/p>\n","protected":false},"featured_media":1376,"template":"","meta":[],"product_cat":[53,53,53,53,60,60,60,60,60,60,60,61,61,61,61,61,61,61,53,53,53],"product_tag":[117],"class_list":{"0":"post-1379","1":"product","2":"type-product","3":"status-publish","4":"has-post-thumbnail","6":"product_cat-calzado","10":"product_cat-nike","17":"product_cat-dunk-sb","27":"product_tag-sb-dunk-low-futura-laboratories-bleached-aqua","28":"pa_talla-eu-39","29":"pa_talla-eu-40","30":"pa_talla-eu-41","31":"pa_talla-eu-42","32":"pa_talla-eu-43","33":"pa_talla-eu-44","34":"pa_talla-eu-45","35":"pa_talla-eu-46","36":"pa_talla-eu-47","37":"pa_talla-eu-48","39":"first","40":"instock","41":"sale","42":"shipping-taxable","43":"purchasable","44":"product-type-variable"},"_links":{"self":[{"href":"https:\/\/hypedfootwear.com\/nl\/wp-json\/wp\/v2\/product\/1379","targetHints":{"allow":["GET"]}}],"collection":[{"href":"https:\/\/hypedfootwear.com\/nl\/wp-json\/wp\/v2\/product"}],"about":[{"href":"https:\/\/hypedfootwear.com\/nl\/wp-json\/wp\/v2\/types\/product"}],"version-history":[{"count":0,"href":"https:\/\/hypedfootwear.com\/nl\/wp-json\/wp\/v2\/product\/1379\/revisions"}],"wp:featuredmedia":[{"embeddable":true,"href":"https:\/\/hypedfootwear.com\/nl\/wp-json\/wp\/v2\/media\/1376"}],"wp:attachment":[{"href":"https:\/\/hypedfootwear.com\/nl\/wp-json\/wp\/v2\/media?parent=1379"}],"wp:term":[{"taxonomy":"product_cat","embeddable":true,"href":"https:\/\/hypedfootwear.com\/nl\/wp-json\/wp\/v2\/product_cat?post=1379"},{"taxonomy":"product_tag","embeddable":true,"href":"https:\/\/hypedfootwear.com\/nl\/wp-json\/wp\/v2\/product_tag?post=1379"}],"curies":[{"name":"wp","href":"https:\/\/api.w.org\/{rel}","templated":true}]}}