{"id":13589,"date":"2025-07-18T09:47:21","date_gmt":"2025-07-18T07:47:21","guid":{"rendered":"https:\/\/hypedfootwear.com\/?post_type=product&#038;p=13589"},"modified":"2026-03-12T19:30:25","modified_gmt":"2026-03-12T18:30:25","slug":"asics-gel-nyc-cream","status":"publish","type":"product","link":"https:\/\/hypedfootwear.com\/nl\/shop\/asics-gel-nyc-cream\/","title":{"rendered":"Asics Gel Nyc Cream"},"content":{"rendered":"<p>Te presentamos las de edici\u00f3n limitada zapatillas Asics Gel Nyc Cream . dise\u00f1adas para ofrecer confort durante todo el d\u00eda, ideales para quienes buscan estilo urbano con materiales de calidad.<\/p>\n","protected":false},"excerpt":{"rendered":"<p>Te presentamos las de edici\u00f3n limitada zapatillas Asics Gel Nyc Cream . dise\u00f1adas para ofrecer confort durante todo&hellip;<\/p>\n","protected":false},"featured_media":13609,"template":"","meta":[],"product_cat":[1451,1451,1451,1451,1451,1451,1451],"product_tag":[10229,8813,10295,10223,10301,8669,10139,8399],"class_list":{"0":"post-13589","1":"product","2":"type-product","3":"status-publish","4":"has-post-thumbnail","6":"product_cat-asics","13":"product_tag-asics","14":"product_tag-cream","15":"product_tag-gel","16":"product_tag-hype","17":"product_tag-nyc","18":"product_tag-sneakers","19":"product_tag-streetwear","20":"product_tag-zapatillas","22":"first","23":"instock","24":"sale","25":"shipping-taxable","26":"purchasable","27":"product-type-variable"},"_links":{"self":[{"href":"https:\/\/hypedfootwear.com\/nl\/wp-json\/wp\/v2\/product\/13589","targetHints":{"allow":["GET"]}}],"collection":[{"href":"https:\/\/hypedfootwear.com\/nl\/wp-json\/wp\/v2\/product"}],"about":[{"href":"https:\/\/hypedfootwear.com\/nl\/wp-json\/wp\/v2\/types\/product"}],"version-history":[{"count":0,"href":"https:\/\/hypedfootwear.com\/nl\/wp-json\/wp\/v2\/product\/13589\/revisions"}],"wp:featuredmedia":[{"embeddable":true,"href":"https:\/\/hypedfootwear.com\/nl\/wp-json\/wp\/v2\/media\/13609"}],"wp:attachment":[{"href":"https:\/\/hypedfootwear.com\/nl\/wp-json\/wp\/v2\/media?parent=13589"}],"wp:term":[{"taxonomy":"product_cat","embeddable":true,"href":"https:\/\/hypedfootwear.com\/nl\/wp-json\/wp\/v2\/product_cat?post=13589"},{"taxonomy":"product_tag","embeddable":true,"href":"https:\/\/hypedfootwear.com\/nl\/wp-json\/wp\/v2\/product_tag?post=13589"}],"curies":[{"name":"wp","href":"https:\/\/api.w.org\/{rel}","templated":true}]}}