{"id":27700,"date":"2026-03-03T02:39:31","date_gmt":"2026-03-03T01:39:31","guid":{"rendered":"https:\/\/hypedfootwear.com\/?post_type=product&#038;p=27700"},"modified":"2026-03-18T06:19:21","modified_gmt":"2026-03-18T05:19:21","slug":"new-balance-9060-blue-haze","status":"publish","type":"product","link":"https:\/\/hypedfootwear.com\/it\/shop\/new-balance-9060-blue-haze\/","title":{"rendered":"New Balance 9060 \u2018Blue Haze\u2019"},"content":{"rendered":"<p>Las New Balance 9060 \u2018Blue Haze\u2019 combinan tonos azules suaves con un dise\u00f1o futurista y robusto. Inspiradas en la serie 990 y el estilo experimental de los a\u00f1os 2000, estas sneakers destacan por su mediasuela esculpida, amortiguaci\u00f3n ABZORB y una mezcla premium de malla y ante.<\/p>\n<p>Perfectas para quienes buscan un estilo fresco y m\u00e1ximo confort en cada paso.<\/p>\n","protected":false},"excerpt":{"rendered":"<p>Estilo futurista y confort premium en tonos azules.<\/p>\n","protected":false},"featured_media":27712,"template":"","meta":[],"product_cat":[1421,1421,1421,1421,1421,1421,1421,1722,1722,1722,1722,1722,1722,1722],"product_tag":[],"class_list":{"0":"post-27700","1":"product","2":"type-product","3":"status-publish","4":"has-post-thumbnail","6":"product_cat-new-balance","13":"product_cat-new-balance-9060","20":"pa_talla-eu-1986","21":"pa_talla-eu-1992","22":"pa_talla-eu-1998","23":"pa_talla-eu-39-5-eu-uk-6-5-25-5cm","24":"pa_talla-eu-2010","25":"pa_talla-eu-41-5-eu-uk-7-26cm","26":"pa_talla-eu-2022","27":"pa_talla-eu-2028","28":"pa_talla-eu-2034","29":"pa_talla-eu-2040","31":"first","32":"instock","33":"sale","34":"shipping-taxable","35":"purchasable","36":"product-type-variable"},"_links":{"self":[{"href":"https:\/\/hypedfootwear.com\/it\/wp-json\/wp\/v2\/product\/27700","targetHints":{"allow":["GET"]}}],"collection":[{"href":"https:\/\/hypedfootwear.com\/it\/wp-json\/wp\/v2\/product"}],"about":[{"href":"https:\/\/hypedfootwear.com\/it\/wp-json\/wp\/v2\/types\/product"}],"version-history":[{"count":1,"href":"https:\/\/hypedfootwear.com\/it\/wp-json\/wp\/v2\/product\/27700\/revisions"}],"predecessor-version":[{"id":27711,"href":"https:\/\/hypedfootwear.com\/it\/wp-json\/wp\/v2\/product\/27700\/revisions\/27711"}],"wp:featuredmedia":[{"embeddable":true,"href":"https:\/\/hypedfootwear.com\/it\/wp-json\/wp\/v2\/media\/27712"}],"wp:attachment":[{"href":"https:\/\/hypedfootwear.com\/it\/wp-json\/wp\/v2\/media?parent=27700"}],"wp:term":[{"taxonomy":"product_cat","embeddable":true,"href":"https:\/\/hypedfootwear.com\/it\/wp-json\/wp\/v2\/product_cat?post=27700"},{"taxonomy":"product_tag","embeddable":true,"href":"https:\/\/hypedfootwear.com\/it\/wp-json\/wp\/v2\/product_tag?post=27700"}],"curies":[{"name":"wp","href":"https:\/\/api.w.org\/{rel}","templated":true}]}}