{"id":16170,"date":"2025-08-16T05:04:44","date_gmt":"2025-08-16T03:04:44","guid":{"rendered":"https:\/\/hypedfootwear.com\/?post_type=product&#038;p=16170"},"modified":"2026-03-11T17:43:30","modified_gmt":"2026-03-11T16:43:30","slug":"adidas-samba-xlg-denim","status":"publish","type":"product","link":"https:\/\/hypedfootwear.com\/it\/shop\/adidas-samba-xlg-denim\/","title":{"rendered":"adidas Samba XLG Denim"},"content":{"rendered":"<p>Las Adidas Gazelle Indoor Gum reinventan un cl\u00e1sico atemporal con materiales premium y un acabado que resalta su herencia deportiva. Mantienen la silueta ic\u00f3nica con la parte superior en gamuza suave, las inconfundibles tres bandas laterales y una suela transl\u00facida de goma que eleva el dise\u00f1o con un aire retro. Una mezcla perfecta entre estilo vintage y versatilidad contempor\u00e1nea, ideal para quienes quieren destacar sin perder la esencia original.<\/p>\n","protected":false},"excerpt":{"rendered":"<p>Las Adidas Gazelle Indoor Gum reinventan un cl\u00e1sico atemporal con materiales premium y un acabado que resalta su&hellip;<\/p>\n","protected":false},"featured_media":16172,"template":"","meta":[],"product_cat":[1392,1392,1392,1392,1392,1392,1392,1501,1501,1501,1501,1501,1501,1501],"product_tag":[9312,10944,10950],"class_list":{"0":"post-16170","1":"product","2":"type-product","3":"status-publish","4":"has-post-thumbnail","6":"product_cat-adidas","13":"product_cat-adidas-samba","20":"product_tag-adidas-samba","21":"product_tag-alle-sneakers","22":"product_tag-turum","23":"pa_talla-eu-2047","24":"pa_talla-eu-1987","25":"pa_talla-eu-1993","26":"pa_talla-eu-1999","27":"pa_talla-eu-2005","28":"pa_talla-eu-2011","29":"pa_talla-eu-2017","30":"pa_talla-eu-2023","31":"pa_talla-eu-2029","32":"pa_talla-eu-2035","33":"pa_talla-eu-2041","35":"first","36":"instock","37":"shipping-taxable","38":"purchasable","39":"product-type-variable"},"_links":{"self":[{"href":"https:\/\/hypedfootwear.com\/it\/wp-json\/wp\/v2\/product\/16170","targetHints":{"allow":["GET"]}}],"collection":[{"href":"https:\/\/hypedfootwear.com\/it\/wp-json\/wp\/v2\/product"}],"about":[{"href":"https:\/\/hypedfootwear.com\/it\/wp-json\/wp\/v2\/types\/product"}],"version-history":[{"count":0,"href":"https:\/\/hypedfootwear.com\/it\/wp-json\/wp\/v2\/product\/16170\/revisions"}],"wp:featuredmedia":[{"embeddable":true,"href":"https:\/\/hypedfootwear.com\/it\/wp-json\/wp\/v2\/media\/16172"}],"wp:attachment":[{"href":"https:\/\/hypedfootwear.com\/it\/wp-json\/wp\/v2\/media?parent=16170"}],"wp:term":[{"taxonomy":"product_cat","embeddable":true,"href":"https:\/\/hypedfootwear.com\/it\/wp-json\/wp\/v2\/product_cat?post=16170"},{"taxonomy":"product_tag","embeddable":true,"href":"https:\/\/hypedfootwear.com\/it\/wp-json\/wp\/v2\/product_tag?post=16170"}],"curies":[{"name":"wp","href":"https:\/\/api.w.org\/{rel}","templated":true}]}}