{"id":1398,"date":"2025-02-22T21:47:03","date_gmt":"2025-02-22T21:47:03","guid":{"rendered":"https:\/\/hypedfootwear.com\/producto\/sb-dunk-low-concepts-orange-lobster\/"},"modified":"2026-03-11T15:33:22","modified_gmt":"2026-03-11T14:33:22","slug":"sb-dunk-low-concepts-orange-lobster","status":"publish","type":"product","link":"https:\/\/hypedfootwear.com\/it\/shop\/sb-dunk-low-concepts-orange-lobster\/","title":{"rendered":"SB Dunk Low Concepts Orange Lobster"},"content":{"rendered":"<p>\u00a1Eleva tu colecci\u00f3n con las SB Dunk Low Concepts Orange Lobster! Inspiradas en el ic\u00f3nico crust\u00e1ceo, estas sneakers combinan un vibrante naranja y detalles exclusivos que no pasar\u00e1n desapercibidos. Hechas con materiales de alta calidad, aseguran comodidad y durabilidad en cada paso. Ideales para el sneakerhead que busca autenticidad y estilo. No pierdas la oportunidad de destacar&#8230; A\u00f1\u00e1delas a tu carrito y lleva tu estilo al siguiente nivel. \u00a1Atr\u00e9vete a ser diferente y transforma cada pisada!<\/p>\n","protected":false},"excerpt":{"rendered":"<p>\u00a1Eleva tu colecci\u00f3n con las SB Dunk Low Concepts Orange Lobster! Inspiradas en el ic\u00f3nico crust\u00e1ceo, estas sneakers&hellip;<\/p>\n","protected":false},"featured_media":1396,"template":"","meta":[],"product_cat":[1405,1405,1405,1405,1429,1429,1429,1429,1429,1429,1429,1508,1508,1508,1508,1508,1508,1508,1405,1405,1405],"product_tag":[7243],"class_list":{"0":"post-1398","1":"product","2":"type-product","3":"status-publish","4":"has-post-thumbnail","6":"product_cat-schoenen","10":"product_cat-nike","17":"product_cat-dunk-sb","27":"product_tag-sb-dunk-low-concepts-orange-lobster","28":"pa_talla-eu-1988","29":"pa_talla-eu-1994","30":"pa_talla-eu-2000","31":"pa_talla-eu-2006","32":"pa_talla-eu-2012","33":"pa_talla-eu-2018","34":"pa_talla-eu-2024","35":"pa_talla-eu-2030","36":"pa_talla-eu-2036","37":"pa_talla-eu-2042","39":"first","40":"instock","41":"sale","42":"shipping-taxable","43":"purchasable","44":"product-type-variable"},"_links":{"self":[{"href":"https:\/\/hypedfootwear.com\/it\/wp-json\/wp\/v2\/product\/1398","targetHints":{"allow":["GET"]}}],"collection":[{"href":"https:\/\/hypedfootwear.com\/it\/wp-json\/wp\/v2\/product"}],"about":[{"href":"https:\/\/hypedfootwear.com\/it\/wp-json\/wp\/v2\/types\/product"}],"version-history":[{"count":0,"href":"https:\/\/hypedfootwear.com\/it\/wp-json\/wp\/v2\/product\/1398\/revisions"}],"wp:featuredmedia":[{"embeddable":true,"href":"https:\/\/hypedfootwear.com\/it\/wp-json\/wp\/v2\/media\/1396"}],"wp:attachment":[{"href":"https:\/\/hypedfootwear.com\/it\/wp-json\/wp\/v2\/media?parent=1398"}],"wp:term":[{"taxonomy":"product_cat","embeddable":true,"href":"https:\/\/hypedfootwear.com\/it\/wp-json\/wp\/v2\/product_cat?post=1398"},{"taxonomy":"product_tag","embeddable":true,"href":"https:\/\/hypedfootwear.com\/it\/wp-json\/wp\/v2\/product_tag?post=1398"}],"curies":[{"name":"wp","href":"https:\/\/api.w.org\/{rel}","templated":true}]}}