{"id":3128,"date":"2025-02-23T01:02:36","date_gmt":"2025-02-23T01:02:36","guid":{"rendered":"https:\/\/hypedfootwear.com\/producto\/nike-dunk-low-reverse-panda\/"},"modified":"2026-03-11T15:30:35","modified_gmt":"2026-03-11T14:30:35","slug":"nike-dunk-low-reverse-panda","status":"publish","type":"product","link":"https:\/\/hypedfootwear.com\/fr\/shop\/nike-dunk-low-reverse-panda\/","title":{"rendered":"Nike Dunk Low \u2018Reverse Panda\u2019"},"content":{"rendered":"<p>Descubre el estilo \u00fanico de las Nike Dunk Low \u2018Reverse Panda\u2019. Estas sneakers ic\u00f3nicas combinan la elegancia del blanco y negro con un dise\u00f1o atrevido que no dejar\u00e1 a nadie indiferente. Perfectas para cualquier ocasi\u00f3n, destacan por su comodidad, suela de goma duradera y un ajuste impecable. Ideales para los amantes de las sneakers que buscan destacar con cada paso. \u00bfBuscas un par que hable por ti? No busques m\u00e1s&#8230; \u00a1Las Reverse Panda son tu mejor elecci\u00f3n! A\u00f1\u00e1delas a tu colecci\u00f3n y redefine tu estilo urbano. \u00a1Compra ahora y pisa fuerte con Nike!<\/p>\n","protected":false},"excerpt":{"rendered":"<p>Descubre el estilo \u00fanico de las Nike Dunk Low \u2018Reverse Panda\u2019. Estas sneakers ic\u00f3nicas combinan la elegancia del&hellip;<\/p>\n","protected":false},"featured_media":3123,"template":"","meta":[],"product_cat":[1403,1403,1403,1403,1427,1427,1427,1427,1427,1427,1427,1506,1506,1506,1506,1506,1506,1506,1403,1403,1403],"product_tag":[7979],"class_list":{"0":"post-3128","1":"product","2":"type-product","3":"status-publish","4":"has-post-thumbnail","6":"product_cat-chaussures","10":"product_cat-nike","17":"product_cat-dunk-sb","27":"product_tag-nike-dunk-low-reverse-panda","28":"pa_talla-eu-1986","29":"pa_talla-eu-1992","30":"pa_talla-eu-1998","31":"pa_talla-eu-2004","32":"pa_talla-eu-2010","33":"pa_talla-eu-2016","34":"pa_talla-eu-2022","35":"pa_talla-eu-2028","36":"pa_talla-eu-2034","37":"pa_talla-eu-2040","39":"first","40":"instock","41":"sale","42":"shipping-taxable","43":"purchasable","44":"product-type-variable"},"_links":{"self":[{"href":"https:\/\/hypedfootwear.com\/fr\/wp-json\/wp\/v2\/product\/3128","targetHints":{"allow":["GET"]}}],"collection":[{"href":"https:\/\/hypedfootwear.com\/fr\/wp-json\/wp\/v2\/product"}],"about":[{"href":"https:\/\/hypedfootwear.com\/fr\/wp-json\/wp\/v2\/types\/product"}],"version-history":[{"count":1,"href":"https:\/\/hypedfootwear.com\/fr\/wp-json\/wp\/v2\/product\/3128\/revisions"}],"predecessor-version":[{"id":26076,"href":"https:\/\/hypedfootwear.com\/fr\/wp-json\/wp\/v2\/product\/3128\/revisions\/26076"}],"wp:featuredmedia":[{"embeddable":true,"href":"https:\/\/hypedfootwear.com\/fr\/wp-json\/wp\/v2\/media\/3123"}],"wp:attachment":[{"href":"https:\/\/hypedfootwear.com\/fr\/wp-json\/wp\/v2\/media?parent=3128"}],"wp:term":[{"taxonomy":"product_cat","embeddable":true,"href":"https:\/\/hypedfootwear.com\/fr\/wp-json\/wp\/v2\/product_cat?post=3128"},{"taxonomy":"product_tag","embeddable":true,"href":"https:\/\/hypedfootwear.com\/fr\/wp-json\/wp\/v2\/product_tag?post=3128"}],"curies":[{"name":"wp","href":"https:\/\/api.w.org\/{rel}","templated":true}]}}