{"id":2809,"date":"2025-02-23T00:28:23","date_gmt":"2025-02-23T00:28:23","guid":{"rendered":"https:\/\/hypedfootwear.com\/producto\/air-jordan-1-low-black-medium-grey\/"},"modified":"2026-03-27T08:01:30","modified_gmt":"2026-03-27T07:01:30","slug":"air-jordan-1-low-black-medium-grey","status":"publish","type":"product","link":"https:\/\/hypedfootwear.com\/fr\/shop\/air-jordan-1-low-black-medium-grey\/","title":{"rendered":"Air Jordan 1 Low \u2018Black Medium Grey\u2019"},"content":{"rendered":"<p>\u00a1Destaca con las Air Jordan 1 Low \u2018Black Medium Grey\u2019! Lanzadas en 2021, estas sneakers combinan cuero blanco, superposiciones negras y Swooshes grises para un estilo inigualable. Con logos ic\u00f3nicos de Jordan y Jumpman, garantizan autenticidad y moda. Ideales para amantes del streetwear, ofrecen comodidad y tendencia en cada paso. \u00bfListo para ser el centro de atenci\u00f3n? No esperes m\u00e1s&#8230; A\u00f1ade estas incre\u00edbles zapatillas a tu colecci\u00f3n y eleva tu estilo al siguiente nivel. Compra ahora y marca la diferencia en cada pisada. \u00a1Hazlas tuyas hoy mismo!<\/p>\n","protected":false},"excerpt":{"rendered":"<p>\u00a1Destaca con las Air Jordan 1 Low \u2018Black Medium Grey\u2019! Lanzadas en 2021, estas sneakers combinan cuero blanco,&hellip;<\/p>\n","protected":false},"featured_media":2803,"template":"","meta":[],"product_cat":[1398,1398,1398,1398,1398,1398,1398,1525,1525,1525,1525,1525,1525,1525,1849,1849,1849,1849,1849,1849,1849,1404,1404,1404,1404,1428,1428,1428,1428,1428,1428,1428,1404,1404,1404],"product_tag":[7722],"class_list":{"0":"post-2809","1":"product","2":"type-product","3":"status-publish","4":"has-post-thumbnail","6":"product_cat-jordan","13":"product_cat-air-jordan-1","20":"product_cat-air-jordan-1-low","27":"product_cat-scarpe","31":"product_cat-nike","41":"product_tag-air-jordan-1-low-black-medium-grey","42":"pa_talla-eu-1987","43":"pa_talla-eu-1993","44":"pa_talla-eu-1999","45":"pa_talla-eu-2005","46":"pa_talla-eu-2011","47":"pa_talla-eu-2017","48":"pa_talla-eu-2023","49":"pa_talla-eu-2029","50":"pa_talla-eu-2035","51":"pa_talla-eu-2041","52":"pa_talla-eu-2053","54":"first","55":"instock","56":"sale","57":"shipping-taxable","58":"purchasable","59":"product-type-variable"},"_links":{"self":[{"href":"https:\/\/hypedfootwear.com\/fr\/wp-json\/wp\/v2\/product\/2809","targetHints":{"allow":["GET"]}}],"collection":[{"href":"https:\/\/hypedfootwear.com\/fr\/wp-json\/wp\/v2\/product"}],"about":[{"href":"https:\/\/hypedfootwear.com\/fr\/wp-json\/wp\/v2\/types\/product"}],"version-history":[{"count":0,"href":"https:\/\/hypedfootwear.com\/fr\/wp-json\/wp\/v2\/product\/2809\/revisions"}],"wp:featuredmedia":[{"embeddable":true,"href":"https:\/\/hypedfootwear.com\/fr\/wp-json\/wp\/v2\/media\/2803"}],"wp:attachment":[{"href":"https:\/\/hypedfootwear.com\/fr\/wp-json\/wp\/v2\/media?parent=2809"}],"wp:term":[{"taxonomy":"product_cat","embeddable":true,"href":"https:\/\/hypedfootwear.com\/fr\/wp-json\/wp\/v2\/product_cat?post=2809"},{"taxonomy":"product_tag","embeddable":true,"href":"https:\/\/hypedfootwear.com\/fr\/wp-json\/wp\/v2\/product_tag?post=2809"}],"curies":[{"name":"wp","href":"https:\/\/api.w.org\/{rel}","templated":true}]}}