{"id":27752,"date":"2026-03-03T02:59:48","date_gmt":"2026-03-03T01:59:48","guid":{"rendered":"https:\/\/hypedfootwear.com\/shop\/new-balance-9060-x-bodega-age-of-discovery\/"},"modified":"2026-03-18T06:19:19","modified_gmt":"2026-03-18T05:19:19","slug":"new-balance-9060-x-bodega-age-of-discovery","status":"publish","type":"product","link":"https:\/\/hypedfootwear.com\/fr\/shop\/new-balance-9060-x-bodega-age-of-discovery\/","title":{"rendered":"New Balance 9060 x Bodega \u2018Age of Discovery\u2019"},"content":{"rendered":"<p>Las New Balance 9060 x Bodega \u2018Age of Discovery\u2019 son una colaboraci\u00f3n exclusiva que combina texturas de ante de pelo largo en azul y marr\u00f3n con detalles de malla premium. Inspiradas en la era de los descubrimientos, estas sneakers presentan un dise\u00f1o rico en detalles con la m\u00e1xima tecnolog\u00eda de amortiguaci\u00f3n ABZORB.<\/p>\n","protected":false},"excerpt":{"rendered":"<p>Las New Balance 9060 x Bodega \u2018Age of Discovery\u2019 son una colaboraci\u00f3n exclusiva que combina texturas de ante&hellip;<\/p>\n","protected":false},"featured_media":27748,"template":"","meta":[],"product_cat":[1421,1421,1421,1421,1421,1421,1421,1722,1722,1722,1722,1722,1722,1722],"product_tag":[],"class_list":{"0":"post-27752","1":"product","2":"type-product","3":"status-publish","4":"has-post-thumbnail","6":"product_cat-new-balance","13":"product_cat-new-balance-9060","20":"pa_talla-eu-1986","21":"pa_talla-eu-1992","22":"pa_talla-eu-1998","23":"pa_talla-eu-39-5-eu-uk-6-5-25-5cm","24":"pa_talla-eu-2010","25":"pa_talla-eu-41-5-eu-uk-7-26cm","26":"pa_talla-eu-2022","27":"pa_talla-eu-2028","28":"pa_talla-eu-2034","29":"pa_talla-eu-2040","31":"first","32":"instock","33":"sale","34":"shipping-taxable","35":"purchasable","36":"product-type-variable"},"_links":{"self":[{"href":"https:\/\/hypedfootwear.com\/fr\/wp-json\/wp\/v2\/product\/27752","targetHints":{"allow":["GET"]}}],"collection":[{"href":"https:\/\/hypedfootwear.com\/fr\/wp-json\/wp\/v2\/product"}],"about":[{"href":"https:\/\/hypedfootwear.com\/fr\/wp-json\/wp\/v2\/types\/product"}],"version-history":[{"count":0,"href":"https:\/\/hypedfootwear.com\/fr\/wp-json\/wp\/v2\/product\/27752\/revisions"}],"wp:featuredmedia":[{"embeddable":true,"href":"https:\/\/hypedfootwear.com\/fr\/wp-json\/wp\/v2\/media\/27748"}],"wp:attachment":[{"href":"https:\/\/hypedfootwear.com\/fr\/wp-json\/wp\/v2\/media?parent=27752"}],"wp:term":[{"taxonomy":"product_cat","embeddable":true,"href":"https:\/\/hypedfootwear.com\/fr\/wp-json\/wp\/v2\/product_cat?post=27752"},{"taxonomy":"product_tag","embeddable":true,"href":"https:\/\/hypedfootwear.com\/fr\/wp-json\/wp\/v2\/product_tag?post=27752"}],"curies":[{"name":"wp","href":"https:\/\/api.w.org\/{rel}","templated":true}]}}