{"id":22520,"date":"2025-11-25T14:58:35","date_gmt":"2025-11-25T13:58:35","guid":{"rendered":"https:\/\/hypedfootwear.com\/?post_type=product&#038;p=22520"},"modified":"2026-03-11T15:22:14","modified_gmt":"2026-03-11T14:22:14","slug":"timberland-botines-clasicos-con-cordones-en-color-wheat-camel-para-hombre","status":"publish","type":"product","link":"https:\/\/hypedfootwear.com\/fr\/shop\/timberland-botines-clasicos-con-cordones-en-color-wheat-camel-para-hombre\/","title":{"rendered":"Timberland Botines cl\u00e1sicos con cordones en color wheat\/camel para hombre"},"content":{"rendered":"<div class=\"mx-auto h-fit pb-0\">\n<div class=\"relative border-subtlest ring-subtlest divide-subtlest bg-base\">\n<div>\n<div>\n<div>\n<div class=\"erp-sidecar:min-h-[var(--sidecar-content-height)] erp-mobile-sidecar:min-h-[var(--mobile-sidecar-content-height)] min-h-[var(--page-content-height)]\">\n<div class=\"pt-[var(--thread-visual-spacing)] md:pt-lg pb-[var(--thread-visual-spacing)] md:pb-lg px-[var(--thread-visual-spacing)] border-subtlest ring-subtlest divide-subtlest bg-transparent\">\n<div class=\"isolate mx-auto max-w-threadContentWidth\">\n<div class=\"mx-auto max-w-threadContentWidth\">\n<div class=\"relative\">\n<div class=\"gap-y-md flex flex-col mt-md\">\n<div class=\"gap-y-lg flex flex-col first:mt-0\">\n<div class=\"border-subtlest ring-subtlest divide-subtlest bg-transparent\">\n<div class=\"gap-y-md flex flex-col\">\n<div class=\"relative font-sans text-base text-foreground selection:bg-super\/50 selection:text-foreground dark:selection:bg-super\/10 dark:selection:text-super\">\n<div class=\"min-w-0 break-words [word-break:break-word]\">\n<div id=\"markdown-content-1\" class=\"gap-y-md after:clear-both after:block after:content-['']\" dir=\"auto\">\n<div class=\"relative\">\n<div class=\"prose dark:prose-invert inline leading-relaxed break-words min-w-0 [word-break:break-word] prose-strong:font-medium [&amp;_&gt;*:first-child]:mt-0\">\n<p class=\"my-2 [&amp;+p]:mt-4 [&amp;_strong:has(+br)]:inline-block [&amp;_strong:has(+br)]:pb-2\">Compra los ic\u00f3nicos botines Timberland con cordones en tono wheat\/camel a un precio especial. Disfruta de env\u00edo y devoluci\u00f3n gratis , con la confianza de un dise\u00f1o resistente al agua, suela robusta y m\u00e1xima comodidad para cualquier ocasi\u00f3n. \u00a1A\u00f1\u00e1delos a tu colecci\u00f3n y luce estilo atemporal!<\/p>\n<\/div>\n<\/div>\n<\/div>\n<\/div>\n<\/div>\n<\/div>\n<\/div>\n<\/div>\n<\/div>\n<\/div>\n<\/div>\n<\/div>\n<\/div>\n<\/div>\n<\/div>\n<\/div>\n<\/div>\n<\/div>\n<\/div>\n","protected":false},"excerpt":{"rendered":"<p>Compra los ic\u00f3nicos botines Timberland con cordones en tono wheat\/camel a un precio especial. Disfruta de env\u00edo y&hellip;<\/p>\n","protected":false},"featured_media":22532,"template":"","meta":[],"product_cat":[15],"product_tag":[],"class_list":{"0":"post-22520","1":"product","2":"type-product","3":"status-publish","4":"has-post-thumbnail","6":"product_cat-off-white","7":"pa_talla-eu-1988","8":"pa_talla-eu-1994","9":"pa_talla-eu-2000","10":"pa_talla-eu-2006","11":"pa_talla-eu-2012","12":"pa_talla-eu-2018","13":"pa_talla-eu-2024","14":"pa_talla-eu-2030","15":"pa_talla-eu-2036","16":"pa_talla-eu-2042","18":"first","19":"instock","20":"sale","21":"shipping-taxable","22":"purchasable","23":"product-type-variable"},"_links":{"self":[{"href":"https:\/\/hypedfootwear.com\/fr\/wp-json\/wp\/v2\/product\/22520","targetHints":{"allow":["GET"]}}],"collection":[{"href":"https:\/\/hypedfootwear.com\/fr\/wp-json\/wp\/v2\/product"}],"about":[{"href":"https:\/\/hypedfootwear.com\/fr\/wp-json\/wp\/v2\/types\/product"}],"version-history":[{"count":0,"href":"https:\/\/hypedfootwear.com\/fr\/wp-json\/wp\/v2\/product\/22520\/revisions"}],"wp:featuredmedia":[{"embeddable":true,"href":"https:\/\/hypedfootwear.com\/fr\/wp-json\/wp\/v2\/media\/22532"}],"wp:attachment":[{"href":"https:\/\/hypedfootwear.com\/fr\/wp-json\/wp\/v2\/media?parent=22520"}],"wp:term":[{"taxonomy":"product_cat","embeddable":true,"href":"https:\/\/hypedfootwear.com\/fr\/wp-json\/wp\/v2\/product_cat?post=22520"},{"taxonomy":"product_tag","embeddable":true,"href":"https:\/\/hypedfootwear.com\/fr\/wp-json\/wp\/v2\/product_tag?post=22520"}],"curies":[{"name":"wp","href":"https:\/\/api.w.org\/{rel}","templated":true}]}}