{"id":12011,"date":"2025-07-12T17:51:40","date_gmt":"2025-07-12T15:51:40","guid":{"rendered":"https:\/\/hypedfootwear.com\/?post_type=product&#038;p=12011"},"modified":"2026-03-11T15:26:31","modified_gmt":"2026-03-11T14:26:31","slug":"puma-speedcat-mujer-black-white","status":"publish","type":"product","link":"https:\/\/hypedfootwear.com\/fr\/shop\/puma-speedcat-mujer-black-white\/","title":{"rendered":"Puma Speedcat Mujer \u00ab\u00a0Black White"},"content":{"rendered":"<p>Las Puma Speedcat OG para mujer en color Black White combinan estilo minimalista y comodidad. Dise\u00f1adas especialmente para ellas, cuentan con exterior de cuero sint\u00e9tico de alta calidad y detalles textiles que aseguran durabilidad y transpirabilidad durante todo el d\u00eda.<\/p>\n<p>Su dise\u00f1o en blanco y negro aporta un look limpio y sofisticado, f\u00e1cil de combinar con distintos estilos y ocasiones. La suela de goma garantiza tracci\u00f3n y estabilidad en todo tipo de superficies, mientras que el sistema de cordones proporciona un ajuste seguro. Gracias a su amortiguaci\u00f3n interna, ofrecen soporte continuo para un uso diario c\u00f3modo, ya sea para un look casual o momentos de relax.<\/p>\n","protected":false},"excerpt":{"rendered":"<p>Las Puma Speedcat OG para mujer en color Black White combinan estilo minimalista y comodidad. Dise\u00f1adas especialmente para&hellip;<\/p>\n","protected":false},"featured_media":12023,"template":"","meta":[],"product_cat":[1470,1470,1470,1470,1470,1470,1470,1711,1711,1711,1711,1711,1711,1711],"product_tag":[9936,9930,9906,9918,9924,9912],"class_list":{"0":"post-12011","1":"product","2":"type-product","3":"status-publish","4":"has-post-thumbnail","6":"product_cat-puma","13":"product_cat-puma-speedcat","20":"product_tag-calzado-urbano-estilo-retro","21":"product_tag-deportivas-con-buena-traccion","22":"product_tag-puma-speedcat-og-red","23":"product_tag-sneakers-retro-puma","24":"product_tag-zapatillas-comodas-hombre","25":"product_tag-zapatillas-puma-rojas","26":"pa_talla-eu-1987","27":"pa_talla-eu-1993","28":"pa_talla-eu-1999","29":"pa_talla-eu-2005","30":"pa_talla-eu-2011","31":"pa_talla-eu-2017","32":"pa_talla-eu-2023","33":"pa_talla-eu-2029","34":"pa_talla-eu-2035","35":"pa_talla-eu-2041","36":"pa_talla-eu-2053","38":"first","39":"instock","40":"sale","41":"shipping-taxable","42":"purchasable","43":"product-type-variable"},"_links":{"self":[{"href":"https:\/\/hypedfootwear.com\/fr\/wp-json\/wp\/v2\/product\/12011","targetHints":{"allow":["GET"]}}],"collection":[{"href":"https:\/\/hypedfootwear.com\/fr\/wp-json\/wp\/v2\/product"}],"about":[{"href":"https:\/\/hypedfootwear.com\/fr\/wp-json\/wp\/v2\/types\/product"}],"version-history":[{"count":0,"href":"https:\/\/hypedfootwear.com\/fr\/wp-json\/wp\/v2\/product\/12011\/revisions"}],"wp:featuredmedia":[{"embeddable":true,"href":"https:\/\/hypedfootwear.com\/fr\/wp-json\/wp\/v2\/media\/12023"}],"wp:attachment":[{"href":"https:\/\/hypedfootwear.com\/fr\/wp-json\/wp\/v2\/media?parent=12011"}],"wp:term":[{"taxonomy":"product_cat","embeddable":true,"href":"https:\/\/hypedfootwear.com\/fr\/wp-json\/wp\/v2\/product_cat?post=12011"},{"taxonomy":"product_tag","embeddable":true,"href":"https:\/\/hypedfootwear.com\/fr\/wp-json\/wp\/v2\/product_tag?post=12011"}],"curies":[{"name":"wp","href":"https:\/\/api.w.org\/{rel}","templated":true}]}}