{"id":4105,"date":"2025-02-23T09:46:41","date_gmt":"2025-02-23T09:46:41","guid":{"rendered":"https:\/\/hypedfootwear.com\/producto\/nike-air-force-blancas\/"},"modified":"2026-03-11T15:28:18","modified_gmt":"2026-03-11T14:28:18","slug":"nike-air-force-blancas","status":"publish","type":"product","link":"https:\/\/hypedfootwear.com\/en\/shop\/nike-air-force-blancas\/","title":{"rendered":"Nike Air Force Blancas"},"content":{"rendered":"<p>Las Nike Air Force Blancas son un cl\u00e1sico atemporal que nunca pasa de moda. Estas zapatillas de baloncesto cuentan con una parte superior de piel duradera y una suela de goma resistente para mayor comodidad y tracci\u00f3n. Con su dise\u00f1o ic\u00f3nico y su estilo vers\u00e1til, estas zapatillas son perfectas para cualquier ocasi\u00f3n y para cualquier estilo.<\/p>\n","protected":false},"excerpt":{"rendered":"<p>Las Nike Air Force Blancas son un cl\u00e1sico atemporal que nunca pasa de moda. Estas zapatillas de baloncesto&hellip;<\/p>\n","protected":false},"featured_media":4100,"template":"","meta":[],"product_cat":[1407,1407,1407,1407,1431,1431,1431,1431,1431,1431,1431,1564,1564,1564,1564,1564,1564,1564,1407,1407,1407],"product_tag":[9243,9249,8031,9255,8109,8121,7623,9261,8403],"class_list":{"0":"post-4105","1":"product","2":"type-product","3":"status-publish","4":"has-post-thumbnail","6":"product_cat-schuhe","10":"product_cat-nike","17":"product_cat-nike-air-force","27":"product_tag-air-force","28":"product_tag-atemporales","29":"product_tag-blancas","30":"product_tag-clasicas","31":"product_tag-estilo","32":"product_tag-moda","33":"product_tag-nike","34":"product_tag-nike-air-force-blancas","35":"product_tag-zapatillas","36":"pa_talla-eu-1990","37":"pa_talla-eu-1996","38":"pa_talla-eu-2002","39":"pa_talla-eu-2008","40":"pa_talla-eu-2014","41":"pa_talla-eu-2020","42":"pa_talla-eu-2026","43":"pa_talla-eu-2032","44":"pa_talla-eu-2038","45":"pa_talla-eu-2044","46":"pa_talla-eu-2056","48":"first","49":"instock","50":"sale","51":"shipping-taxable","52":"purchasable","53":"product-type-variable"},"_links":{"self":[{"href":"https:\/\/hypedfootwear.com\/en\/wp-json\/wp\/v2\/product\/4105","targetHints":{"allow":["GET"]}}],"collection":[{"href":"https:\/\/hypedfootwear.com\/en\/wp-json\/wp\/v2\/product"}],"about":[{"href":"https:\/\/hypedfootwear.com\/en\/wp-json\/wp\/v2\/types\/product"}],"version-history":[{"count":0,"href":"https:\/\/hypedfootwear.com\/en\/wp-json\/wp\/v2\/product\/4105\/revisions"}],"wp:featuredmedia":[{"embeddable":true,"href":"https:\/\/hypedfootwear.com\/en\/wp-json\/wp\/v2\/media\/4100"}],"wp:attachment":[{"href":"https:\/\/hypedfootwear.com\/en\/wp-json\/wp\/v2\/media?parent=4105"}],"wp:term":[{"taxonomy":"product_cat","embeddable":true,"href":"https:\/\/hypedfootwear.com\/en\/wp-json\/wp\/v2\/product_cat?post=4105"},{"taxonomy":"product_tag","embeddable":true,"href":"https:\/\/hypedfootwear.com\/en\/wp-json\/wp\/v2\/product_tag?post=4105"}],"curies":[{"name":"wp","href":"https:\/\/api.w.org\/{rel}","templated":true}]}}