{"id":13600,"date":"2025-07-18T09:47:25","date_gmt":"2025-07-18T07:47:25","guid":{"rendered":"https:\/\/hypedfootwear.com\/?post_type=product&#038;p=13600"},"modified":"2026-03-11T14:44:20","modified_gmt":"2026-03-11T13:44:20","slug":"asics-gel-kayano-kayano-14-jasper-green-2","status":"publish","type":"product","link":"https:\/\/hypedfootwear.com\/en\/shop\/asics-gel-kayano-kayano-14-jasper-green-2\/","title":{"rendered":"Asics Gel Kayano Kayano 14 Jasper Green"},"content":{"rendered":"<p>Conoce las ic\u00f3nicas zapatillas Asics Gel Kayano Kayano 14 Jasper Green. dise\u00f1adas para ofrecer confort durante todo el d\u00eda, ideales para quienes buscan estilo urbano con materiales de calidad.<\/p>\n","protected":false},"excerpt":{"rendered":"<p>Conoce las ic\u00f3nicas zapatillas Asics Gel Kayano Kayano 14 Jasper Green. dise\u00f1adas para ofrecer confort durante todo el&hellip;<\/p>\n","protected":false},"featured_media":12162,"template":"","meta":[],"product_cat":[1452,1452,1452,1452,1452,1452,1452],"product_tag":[10182,10230,10296,8634,10224,10332,10326,8670,10140,8400],"class_list":{"0":"post-13600","1":"product","2":"type-product","3":"status-publish","4":"has-post-thumbnail","6":"product_cat-asics","13":"product_tag-10182","14":"product_tag-asics","15":"product_tag-gel","16":"product_tag-green","17":"product_tag-hype","18":"product_tag-jasper","19":"product_tag-kayano","20":"product_tag-sneakers","21":"product_tag-streetwear","22":"product_tag-zapatillas","24":"first","25":"instock","26":"sale","27":"shipping-taxable","28":"purchasable","29":"product-type-variable"},"_links":{"self":[{"href":"https:\/\/hypedfootwear.com\/en\/wp-json\/wp\/v2\/product\/13600","targetHints":{"allow":["GET"]}}],"collection":[{"href":"https:\/\/hypedfootwear.com\/en\/wp-json\/wp\/v2\/product"}],"about":[{"href":"https:\/\/hypedfootwear.com\/en\/wp-json\/wp\/v2\/types\/product"}],"version-history":[{"count":0,"href":"https:\/\/hypedfootwear.com\/en\/wp-json\/wp\/v2\/product\/13600\/revisions"}],"wp:featuredmedia":[{"embeddable":true,"href":"https:\/\/hypedfootwear.com\/en\/wp-json\/wp\/v2\/media\/12162"}],"wp:attachment":[{"href":"https:\/\/hypedfootwear.com\/en\/wp-json\/wp\/v2\/media?parent=13600"}],"wp:term":[{"taxonomy":"product_cat","embeddable":true,"href":"https:\/\/hypedfootwear.com\/en\/wp-json\/wp\/v2\/product_cat?post=13600"},{"taxonomy":"product_tag","embeddable":true,"href":"https:\/\/hypedfootwear.com\/en\/wp-json\/wp\/v2\/product_tag?post=13600"}],"curies":[{"name":"wp","href":"https:\/\/api.w.org\/{rel}","templated":true}]}}