{"id":2665,"date":"2025-02-23T00:09:39","date_gmt":"2025-02-23T00:09:39","guid":{"rendered":"https:\/\/hypedfootwear.com\/producto\/wmns-nike-air-force-1-essential-low-white-gym-red\/"},"modified":"2026-03-27T08:02:26","modified_gmt":"2026-03-27T07:02:26","slug":"wmns-nike-air-force-1-essential-low-white-gym-red","status":"publish","type":"product","link":"https:\/\/hypedfootwear.com\/de\/shop\/wmns-nike-air-force-1-essential-low-white-gym-red\/","title":{"rendered":"Wmns Nike Air Force 1 Essential Low \u2018White Gym Red\u2019"},"content":{"rendered":"<p>Descubre las Wmns Nike Air Force 1 Essential Low \u2018White Gym Red\u2019. Un cl\u00e1sico del baloncesto desde 1982. Estas zapatillas combinan elegancia y soporte con superposiciones cosidas y dise\u00f1o de corte bajo. Disfruta de la comodidad todo el d\u00eda gracias a la amortiguaci\u00f3n Nike Air y el cuello acolchado. Perfectas para cualquier ocasi\u00f3n, son imprescindibles para los amantes de las sneakers. A\u00f1\u00e1delas a tu colecci\u00f3n y destaca en cada paso. \u00a1No pierdas la oportunidad de brillar con este \u00edcono! Compra ahora y s\u00e9 parte de la leyenda&#8230; \u00a1Atr\u00e9vete a marcar tendencia!<\/p>\n","protected":false},"excerpt":{"rendered":"<p>Descubre las Wmns Nike Air Force 1 Essential Low \u2018White Gym Red\u2019. Un cl\u00e1sico del baloncesto desde 1982.&hellip;<\/p>\n","protected":false},"featured_media":2659,"template":"","meta":[],"product_cat":[1435,1435,1435,1435,1435,1435,1405,1405,1405,1405,1562,1562,1562,1562,1562,1562,1562,1405,1405,1405,1435],"product_tag":[7621,7633],"class_list":{"0":"post-2665","1":"product","2":"type-product","3":"status-publish","4":"has-post-thumbnail","6":"product_cat-accessoires","12":"product_cat-schoenen","16":"product_cat-nike-air-force","27":"product_tag-nike","28":"product_tag-wmns-nike-air-force-1-essential-low-white-gym-red","29":"pa_talla-eu-2048","30":"pa_talla-eu-1988","31":"pa_talla-eu-1994","32":"pa_talla-eu-2000","33":"pa_talla-eu-2006","34":"pa_talla-eu-2012","35":"pa_talla-eu-2018","36":"pa_talla-eu-2024","37":"pa_talla-eu-2030","38":"pa_talla-eu-2036","39":"pa_talla-eu-2042","41":"first","42":"instock","43":"sale","44":"shipping-taxable","45":"purchasable","46":"product-type-variable"},"_links":{"self":[{"href":"https:\/\/hypedfootwear.com\/de\/wp-json\/wp\/v2\/product\/2665","targetHints":{"allow":["GET"]}}],"collection":[{"href":"https:\/\/hypedfootwear.com\/de\/wp-json\/wp\/v2\/product"}],"about":[{"href":"https:\/\/hypedfootwear.com\/de\/wp-json\/wp\/v2\/types\/product"}],"version-history":[{"count":0,"href":"https:\/\/hypedfootwear.com\/de\/wp-json\/wp\/v2\/product\/2665\/revisions"}],"wp:featuredmedia":[{"embeddable":true,"href":"https:\/\/hypedfootwear.com\/de\/wp-json\/wp\/v2\/media\/2659"}],"wp:attachment":[{"href":"https:\/\/hypedfootwear.com\/de\/wp-json\/wp\/v2\/media?parent=2665"}],"wp:term":[{"taxonomy":"product_cat","embeddable":true,"href":"https:\/\/hypedfootwear.com\/de\/wp-json\/wp\/v2\/product_cat?post=2665"},{"taxonomy":"product_tag","embeddable":true,"href":"https:\/\/hypedfootwear.com\/de\/wp-json\/wp\/v2\/product_tag?post=2665"}],"curies":[{"name":"wp","href":"https:\/\/api.w.org\/{rel}","templated":true}]}}