{"id":2648,"date":"2025-02-23T00:09:22","date_gmt":"2025-02-23T00:09:22","guid":{"rendered":"https:\/\/hypedfootwear.com\/producto\/wmns-nike-air-force-1-07-essential-white-black\/"},"modified":"2026-03-11T15:31:24","modified_gmt":"2026-03-11T14:31:24","slug":"wmns-nike-air-force-1-07-essential-white-black","status":"publish","type":"product","link":"https:\/\/hypedfootwear.com\/de\/shop\/wmns-nike-air-force-1-07-essential-white-black\/","title":{"rendered":"Wmns Nike Air Force 1 \u201907 Essential \u2018White Black\u2019"},"content":{"rendered":"<p>Descubre el estilo legendario con las Nike Air Force 1 Low White Black Gold W. Con paneles de cuero de tal\u00f3n a punta, estas sneakers destacan en negro con swooshes contrastantes en blanco y un toque dorado. La ic\u00f3nica amortiguaci\u00f3n Air garantiza comodidad durante todo el d\u00eda, mientras que las superposiciones cosidas ofrecen durabilidad y soporte. Perfectas para un look limpio y moderno, su silueta de corte bajo y cuello acolchado brindan comodidad adicional. No te pierdas la oportunidad de brillar con un cl\u00e1sico reinventado&#8230; \u00a1Hazlas tuyas y redefine tu estilo hoy mismo!<\/p>\n","protected":false},"excerpt":{"rendered":"<p>Descubre el estilo legendario con las Nike Air Force 1 Low White Black Gold W. Con paneles de&hellip;<\/p>\n","protected":false},"featured_media":2642,"template":"","meta":[],"product_cat":[1433,1433,1433,1433,1433,1433,1403,1403,1403,1403,1560,1560,1560,1560,1560,1560,1560,1403,1403,1403,1433],"product_tag":[7619,7625],"class_list":{"0":"post-2648","1":"product","2":"type-product","3":"status-publish","4":"has-post-thumbnail","6":"product_cat-accessoires","12":"product_cat-chaussures","16":"product_cat-nike-air-force","27":"product_tag-nike","28":"product_tag-wmns-nike-air-force-1-07-essential-white-black","29":"pa_talla-eu-1986","30":"pa_talla-eu-1992","31":"pa_talla-eu-1998","32":"pa_talla-eu-2004","33":"pa_talla-eu-2010","34":"pa_talla-eu-2016","35":"pa_talla-eu-2022","36":"pa_talla-eu-2028","37":"pa_talla-eu-2034","38":"pa_talla-eu-2040","40":"first","41":"instock","42":"sale","43":"shipping-taxable","44":"purchasable","45":"product-type-variable"},"_links":{"self":[{"href":"https:\/\/hypedfootwear.com\/de\/wp-json\/wp\/v2\/product\/2648","targetHints":{"allow":["GET"]}}],"collection":[{"href":"https:\/\/hypedfootwear.com\/de\/wp-json\/wp\/v2\/product"}],"about":[{"href":"https:\/\/hypedfootwear.com\/de\/wp-json\/wp\/v2\/types\/product"}],"version-history":[{"count":0,"href":"https:\/\/hypedfootwear.com\/de\/wp-json\/wp\/v2\/product\/2648\/revisions"}],"wp:featuredmedia":[{"embeddable":true,"href":"https:\/\/hypedfootwear.com\/de\/wp-json\/wp\/v2\/media\/2642"}],"wp:attachment":[{"href":"https:\/\/hypedfootwear.com\/de\/wp-json\/wp\/v2\/media?parent=2648"}],"wp:term":[{"taxonomy":"product_cat","embeddable":true,"href":"https:\/\/hypedfootwear.com\/de\/wp-json\/wp\/v2\/product_cat?post=2648"},{"taxonomy":"product_tag","embeddable":true,"href":"https:\/\/hypedfootwear.com\/de\/wp-json\/wp\/v2\/product_tag?post=2648"}],"curies":[{"name":"wp","href":"https:\/\/api.w.org\/{rel}","templated":true}]}}