{"id":1591,"date":"2025-02-22T23:24:04","date_gmt":"2025-02-22T23:24:04","guid":{"rendered":"https:\/\/hypedfootwear.com\/producto\/adidas-gazelle-bold-green-lucid-pink\/"},"modified":"2026-03-11T15:32:49","modified_gmt":"2026-03-11T14:32:49","slug":"adidas-gazelle-bold-green-lucid-pink","status":"publish","type":"product","link":"https:\/\/hypedfootwear.com\/de\/shop\/adidas-gazelle-bold-green-lucid-pink\/","title":{"rendered":"Adidas Gazelle Bold &#8218;Green Lucid Pink&#8216;"},"content":{"rendered":"<p>Descubre el estilo inigualable de las Adidas Gazelle Bold &#8218;Green Lucid Pink&#8216;. Con un vibrante verde y detalles en rosa, estas sneakers son perfectas para los amantes de la moda que desean destacar. Su dise\u00f1o cl\u00e1sico y renovado ofrece comodidad y estilo en cada paso. \u00bfPor qu\u00e9 conformarte con menos? Haz una declaraci\u00f3n de moda. Atr\u00e9vete a marcar tendencia y lleva tus outfits al siguiente nivel\u2026 \u00a1No te quedes sin ellas! Compra ahora y s\u00e9 parte del legado Gazelle. Ideal para el p\u00fablico joven entusiasta de las sneakers. \u00a1Hazlas tuyas hoy mismo!<\/p>\n","protected":false},"excerpt":{"rendered":"<p>Descubre el estilo inigualable de las Adidas Gazelle Bold &#8218;Green Lucid Pink&#8216;. Con un vibrante verde y detalles&hellip;<\/p>\n","protected":false},"featured_media":1586,"template":"","meta":[],"product_cat":[1433,1433,1433,1433,1433,1433,1391,1391,1391,1391,1391,1391,1391,1518,1518,1518,1518,1518,1518,1518,1403,1403,1403,1403,1403,1403,1403,1433],"product_tag":[7319],"class_list":{"0":"post-1591","1":"product","2":"type-product","3":"status-publish","4":"has-post-thumbnail","6":"product_cat-accessoires","12":"product_cat-adidas","19":"product_cat-adidas-gazelle","26":"product_cat-chaussures","34":"product_tag-adidas-gazelle-bold-green-lucid-pink","35":"pa_talla-eu-2046","36":"pa_talla-eu-1986","37":"pa_talla-eu-1992","38":"pa_talla-eu-1998","39":"pa_talla-eu-2004","40":"pa_talla-eu-2010","41":"pa_talla-eu-2016","42":"pa_talla-eu-2022","44":"first","45":"instock","46":"sale","47":"shipping-taxable","48":"purchasable","49":"product-type-variable"},"_links":{"self":[{"href":"https:\/\/hypedfootwear.com\/de\/wp-json\/wp\/v2\/product\/1591","targetHints":{"allow":["GET"]}}],"collection":[{"href":"https:\/\/hypedfootwear.com\/de\/wp-json\/wp\/v2\/product"}],"about":[{"href":"https:\/\/hypedfootwear.com\/de\/wp-json\/wp\/v2\/types\/product"}],"version-history":[{"count":0,"href":"https:\/\/hypedfootwear.com\/de\/wp-json\/wp\/v2\/product\/1591\/revisions"}],"wp:featuredmedia":[{"embeddable":true,"href":"https:\/\/hypedfootwear.com\/de\/wp-json\/wp\/v2\/media\/1586"}],"wp:attachment":[{"href":"https:\/\/hypedfootwear.com\/de\/wp-json\/wp\/v2\/media?parent=1591"}],"wp:term":[{"taxonomy":"product_cat","embeddable":true,"href":"https:\/\/hypedfootwear.com\/de\/wp-json\/wp\/v2\/product_cat?post=1591"},{"taxonomy":"product_tag","embeddable":true,"href":"https:\/\/hypedfootwear.com\/de\/wp-json\/wp\/v2\/product_tag?post=1591"}],"curies":[{"name":"wp","href":"https:\/\/api.w.org\/{rel}","templated":true}]}}