{"id":11545,"date":"2025-06-26T19:46:24","date_gmt":"2025-06-26T17:46:24","guid":{"rendered":"https:\/\/hypedfootwear.com\/?post_type=product&#038;p=11545"},"modified":"2026-03-11T15:26:51","modified_gmt":"2026-03-11T14:26:51","slug":"air-force-1-rope-laces","status":"publish","type":"product","link":"https:\/\/hypedfootwear.com\/de\/shop\/air-force-1-rope-laces\/","title":{"rendered":"Air Force 1 Rope Laces"},"content":{"rendered":"<p>Las Air Force 1 Rope Laces son un b\u00e1sico imprescindible para cualquier fan del streetwear.<br \/>\nCon su dise\u00f1o robusto y los ic\u00f3nicos cordones tipo rope, este modelo de Nike destaca por su estilo \u00fanico y personalidad. Es una de nuestras siluetas favoritas y est\u00e1 disponible en varias tallas, lista para completar tu mejor outfit urbano.<\/p>\n","protected":false},"excerpt":{"rendered":"<p>Las Air Force 1 Rope Laces son un b\u00e1sico imprescindible para cualquier fan del streetwear. Con su dise\u00f1o&hellip;<\/p>\n","protected":false},"featured_media":11549,"template":"","meta":[],"product_cat":[1429,1429,1429,1429,1429,1429,1429,1562,1562,1562,1562,1562,1562,1562],"product_tag":[],"class_list":{"0":"post-11545","1":"product","2":"type-product","3":"status-publish","4":"has-post-thumbnail","6":"product_cat-nike","13":"product_cat-nike-air-force","20":"pa_talla-eu-1988","21":"pa_talla-eu-1994","22":"pa_talla-eu-2000","23":"pa_talla-eu-2006","24":"pa_talla-eu-2012","25":"pa_talla-eu-2018","26":"pa_talla-eu-2024","27":"pa_talla-eu-2030","28":"pa_talla-eu-2036","29":"pa_talla-eu-2042","31":"first","32":"instock","33":"sale","34":"shipping-taxable","35":"purchasable","36":"product-type-variable"},"_links":{"self":[{"href":"https:\/\/hypedfootwear.com\/de\/wp-json\/wp\/v2\/product\/11545","targetHints":{"allow":["GET"]}}],"collection":[{"href":"https:\/\/hypedfootwear.com\/de\/wp-json\/wp\/v2\/product"}],"about":[{"href":"https:\/\/hypedfootwear.com\/de\/wp-json\/wp\/v2\/types\/product"}],"version-history":[{"count":0,"href":"https:\/\/hypedfootwear.com\/de\/wp-json\/wp\/v2\/product\/11545\/revisions"}],"wp:featuredmedia":[{"embeddable":true,"href":"https:\/\/hypedfootwear.com\/de\/wp-json\/wp\/v2\/media\/11549"}],"wp:attachment":[{"href":"https:\/\/hypedfootwear.com\/de\/wp-json\/wp\/v2\/media?parent=11545"}],"wp:term":[{"taxonomy":"product_cat","embeddable":true,"href":"https:\/\/hypedfootwear.com\/de\/wp-json\/wp\/v2\/product_cat?post=11545"},{"taxonomy":"product_tag","embeddable":true,"href":"https:\/\/hypedfootwear.com\/de\/wp-json\/wp\/v2\/product_tag?post=11545"}],"curies":[{"name":"wp","href":"https:\/\/api.w.org\/{rel}","templated":true}]}}