{"id":66980,"date":"2026-04-12T20:37:24","date_gmt":"2026-04-12T18:37:24","guid":{"rendered":"https:\/\/hypedfootwear.com\/wpml\/impressum\/"},"modified":"2026-04-12T20:37:24","modified_gmt":"2026-04-12T18:37:24","slug":"impressum","status":"publish","type":"page","link":"https:\/\/hypedfootwear.com\/de\/impressum\/","title":{"rendered":"Impressum"},"content":{"rendered":"<h3><strong>ALLGEMEINE INFORMATIONEN<\/strong><\/h3>\n<p>Gem\u00e4\u00df den geltenden Vorschriften \u00fcber Dienste der Informationsgesellschaft und den elektronischen Gesch\u00e4ftsverkehr wird der Nutzer \u00fcber Folgendes informiert:<\/p>\n<p><strong>Website-Inhaber:<\/strong> <a class=\"decorated-link\" href=\"https:\/\/hypedfootwear.com\" target=\"_new\" rel=\"noopener\">https:\/\/hypedfootwear.com<\/a><\/p>\n<p><strong>Rechtliche Bezeichnung des Inhabers:<\/strong> <strong><span class=\"hover:entity-accent entity-underline inline cursor-pointer align-baseline\"><span class=\"whitespace-normal\">CM LUXURY SLU<\/span><\/span><\/strong><\/p>\n<p><strong>Art der Einrichtung:<\/strong> Societat Limitada Unipersonal (SLU), gegr\u00fcndet in Andorra<\/p>\n<p><strong>Steuernummer (NRT):<\/strong> 717908S<\/p>\n<p><strong>Gesch\u00e4ftssitz:<\/strong><br \/>C\/ de l&#8217;Aig\u00fceta 19, 1er 3a<br \/>AD500 Andorra la Vella<br \/>F\u00fcrstentum Andorra<\/p>\n<p><strong>Kontakt-E-Mail:<\/strong> <a class=\"decorated-link cursor-pointer\" rel=\"noopener\">support@hypedfootwear.com<\/a><\/p>\n<hr\/>\n<h2><strong>ALLGEMEINE NUTZUNGSBEDINGUNGEN<\/strong><\/h2>\n<h3><strong>1. Gegenstand des Rechts Hinweises<\/strong><\/h3>\n<p>Dieser Rechts Hinweis regelt den Zugang, die Navigation und die Nutzung der Website <a class=\"decorated-link\" href=\"https:\/\/hypedfootwear.com\" target=\"_new\" rel=\"noopener\">https:\/\/hypedfootwear.com<\/a> (im Folgenden die \u201eWebsite&#8220;) sowie die sich aus der Nutzung ihrer Inhalte, Produkte und Dienstleistungen ergebenden Verantwortlichkeiten.<\/p>\n<p>Der Inhaber beh\u00e4lt sich das Recht vor, jederzeit und ohne Vorank\u00fcndigung die Pr\u00e4sentation, Konfiguration und den Inhalt der Website sowie die angebotenen Dienstleistungen zu \u00e4ndern.<\/p>\n<p>Der Zugang zur Website ist kostenlos, unbeschadet der Internetverbindungskosten des Nutzers.<\/p>\n<hr\/>\n<h3><strong>2. Der Nutzer<\/strong><\/h3>\n<p>Der Zugang und die Nutzung der Website verleihen den Status des Nutzers und bedeuten die vollst\u00e4ndige und vorbehaltlose Annahme dieses Rechts Hinweises.<\/p>\n<p>Der Nutzer verpflichtet sich zu:<\/p>\n<ul>\n<li>\n<p>Die Website gem\u00e4\u00df dem Gesetz, der Moral, der \u00f6ffentlichen Ordnung und diesen Bedingungen zu nutzen.<\/p>\n<\/li>\n<li>\n<p>Keine falschen, beleidigenden, diskriminierenden oder illegalen Inhalte zu verbreiten, die Dritte sch\u00e4digen k\u00f6nnten.<\/p>\n<\/li>\n<li>\n<p>Keine Handlungen vorzunehmen, die die Website besch\u00e4digen, au\u00dfer Betrieb setzen oder \u00fcberlasten k\u00f6nnten.<\/p>\n<\/li>\n<\/ul>\n<p>Der Inhaber ist nicht f\u00fcr Meinungen verantwortlich, die Nutzer in Beteiligungsbereichen \u00e4u\u00dfern, falls vorhanden.<\/p>\n<hr\/>\n<h3><strong>3. Zielgruppe der Website<\/strong><\/h3>\n<p>Die Website richtet sich in erster Linie an Nutzer mit Wohnsitz in Europa.<\/p>\n<p>Wenn der Nutzer aus einem anderen Land zugreift, tut er dies unter seiner ausschlie\u00dflichen Verantwortung und muss sicherstellen, dass der Zugang den geltenden lokalen Vorschriften entspricht.<\/p>\n<hr\/>\n<h3><strong>4. Zugang und Verf\u00fcgbarkeit der Website<\/strong><\/h3>\n<p>Der Inhaber unternimmt alle zumutbaren Anstrengungen, um die Website betriebsbereit zu halten, garantiert jedoch nicht:<\/p>\n<ul>\n<li>\n<p>Die st\u00e4ndige Verf\u00fcgbarkeit der Website.<\/p>\n<\/li>\n<li>\n<p>Die Abwesenheit technischer Fehler.<\/p>\n<\/li>\n<li>\n<p>Die Nichtexistenz von Viren oder anderen sch\u00e4dlichen Elementen.<\/p>\n<\/li>\n<\/ul>\n<p>Der Nutzer \u00fcbernimmt jedes Risiko, das sich aus der Nutzung der Website ergibt.<\/p>\n<hr\/>\n<h3><strong>5. Geistiges und gewerbliches Eigentum<\/strong><\/h3>\n<p>Alle Inhalte der Website (Texte, Bilder, Logos, Design, Code, Navigationsstruktur, Videos usw.) sind ausschlie\u00dfliches Eigentum des Inhabers oder werden mit entsprechender Genehmigung verwendet.<\/p>\n<p>Ihre Vervielf\u00e4ltigung, Verbreitung, Umgestaltung oder \u00f6ffentliche Wiedergabe ohne ausdr\u00fcckliche und schriftliche Genehmigung des Inhabers ist untersagt.<\/p>\n<p>Der Nutzer darf Inhalte nur f\u00fcr den pers\u00f6nlichen, nicht kommerziellen Gebrauch ansehen und herunterladen.<\/p>\n<p>Wenn der Nutzer der Meinung ist, dass ein Inhalt geistige oder gewerbliche Eigentumsrechte verletzt, kann er dies melden an: <strong><a class=\"decorated-link cursor-pointer\" rel=\"noopener\">support@hypedfootwear.com<\/a><\/strong>.<\/p>\n<hr\/>\n<h3><strong>6. Link-Richtlinie<\/strong><\/h3>\n<p>Jeder Nutzer oder Dritte, der einen Link zur Website setzen m\u00f6chte, muss die folgenden Bedingungen einhalten:<\/p>\n<ul>\n<li>\n<p>Den Inhalt der Website ganz oder teilweise ohne Genehmigung nicht reproduzieren.<\/p>\n<\/li>\n<li>\n<p>Keine falschen, ungenauen oder irref\u00fchrenden Aussagen \u00fcber den Inhaber oder seine Produkte treffen.<\/p>\n<\/li>\n<li>\n<p>Der Link impliziert keine gesch\u00e4ftliche, gesellschaftliche oder vertragliche Beziehung, es sei denn, dies wird ausdr\u00fccklich genehmigt.<\/p>\n<\/li>\n<\/ul>\n<p>Der Inhaber kontrolliert nicht die Inhalte verlinkter externer Websites und ist nicht daf\u00fcr verantwortlich.<\/p>\n<hr\/>\n<h3><strong>7. Anwendbares Recht und Gerichtsstand<\/strong><\/h3>\n<p>Die Beziehung zwischen dem Nutzer und dem Inhaber unterliegt der <strong>Rechtsordnung des F\u00fcrstentums Andorra<\/strong>.<\/p>\n<p>Alle Streitigkeiten werden den <strong>Gerichten von Andorra<\/strong> unterbreitet, sofern geltende Vorschriften nicht zwingend eine andere Gerichtsbarkeit vorsehen.<\/p>\n<hr\/>\n<h2><strong>Kontakt<\/strong><\/h2>\n<p>Bei Fragen zu diesem Rechts Hinweis k\u00f6nnen Sie uns kontaktieren unter:<br \/><strong><a class=\"decorated-link cursor-pointer\" rel=\"noopener\">support@hypedfootwear.com<\/a><\/strong><\/p>\n","protected":false},"excerpt":{"rendered":"<p>ALLGEMEINE INFORMATIONEN Gem\u00e4\u00df den geltenden Vorschriften \u00fcber Dienste der Informationsgesellschaft und den elektronischen Gesch\u00e4ftsverkehr wird der Nutzer \u00fcber&hellip;<\/p>\n","protected":false},"author":8,"featured_media":0,"parent":0,"menu_order":0,"comment_status":"closed","ping_status":"closed","template":"","meta":{"footnotes":""},"class_list":["post-66980","page","type-page","status-publish","hentry"],"_links":{"self":[{"href":"https:\/\/hypedfootwear.com\/de\/wp-json\/wp\/v2\/pages\/66980","targetHints":{"allow":["GET"]}}],"collection":[{"href":"https:\/\/hypedfootwear.com\/de\/wp-json\/wp\/v2\/pages"}],"about":[{"href":"https:\/\/hypedfootwear.com\/de\/wp-json\/wp\/v2\/types\/page"}],"author":[{"embeddable":true,"href":"https:\/\/hypedfootwear.com\/de\/wp-json\/wp\/v2\/users\/8"}],"replies":[{"embeddable":true,"href":"https:\/\/hypedfootwear.com\/de\/wp-json\/wp\/v2\/comments?post=66980"}],"version-history":[{"count":0,"href":"https:\/\/hypedfootwear.com\/de\/wp-json\/wp\/v2\/pages\/66980\/revisions"}],"wp:attachment":[{"href":"https:\/\/hypedfootwear.com\/de\/wp-json\/wp\/v2\/media?parent=66980"}],"curies":[{"name":"wp","href":"https:\/\/api.w.org\/{rel}","templated":true}]}}